{"id":7060,"date":"2021-11-06T19:59:41","date_gmt":"2021-11-06T17:59:42","guid":{"rendered":"https:\/\/www.cartigre.com\/?post_type=product&#038;p=7060"},"modified":"2024-05-08T16:30:25","modified_gmt":"2024-05-08T14:30:25","slug":"bandeja-de-carton-apilable-automontable-para-pasteleria","status":"publish","type":"product","link":"https:\/\/www.cartigre.com\/es\/producto\/bandeja-de-carton-apilable-automontable-para-pasteleria\/","title":{"rendered":"Bandeja de cart\u00f3n para Pasteler\u00eda PNSER"},"content":{"rendered":"<div class=\"wpb-content-wrapper\"><p>[vc_row content_placement=\u00bbtop\u00bb el_class=\u00bbwood-shipping\u00bb][vc_column width=\u00bb2\/3&#8243; offset=\u00bbvc_col-md-6&#8243; css=\u00bb.vc_custom_1497605639148{margin-bottom: 30px !important;}\u00bb woodmart_sticky_column=\u00bbtrue\u00bb]\t\t<div id=\"gallery_158\" class=\"wd-images-gallery wd-wpb\" style=\"--wd-justify-content:center;--wd-align-items:center;\">\n\t\t\t\n\t\t\t<div class=\" wd-grid-g\" style=\"--wd-col-lg:1;--wd-col-md:1;--wd-col-sm:1;--wd-gap-lg:0px;\">\n\t\t\t\t\n\t\t\t\t\t\t\t\t\t\t\t\t\t\t\t<div class=\"wd-gallery-item wd-col\">\n\t\t\t\t\t\t\t\n\t\t\t\t\t\t\t\t<img loading=\"lazy\" decoding=\"async\" width=\"650\" height=\"449\" src=\"https:\/\/www.cartigre.com\/wp-content\/uploads\/2021\/11\/Safata-de-cartro-per-pastisseria-desplegada_PNSER.jpg\" class=\"wd-gallery-image image-1\" alt=\"Safata de cartr\u00f3 per pastisseria\" srcset=\"https:\/\/www.cartigre.com\/wp-content\/uploads\/2021\/11\/Safata-de-cartro-per-pastisseria-desplegada_PNSER.jpg 650w, https:\/\/www.cartigre.com\/wp-content\/uploads\/2021\/11\/Safata-de-cartro-per-pastisseria-desplegada_PNSER-300x207.jpg 300w, https:\/\/www.cartigre.com\/wp-content\/uploads\/2021\/11\/Safata-de-cartro-per-pastisseria-desplegada_PNSER-150x104.jpg 150w\" sizes=\"auto, (max-width: 650px) 100vw, 650px\" \/>\n\t\t\t\t\t\t\t\t\t\t\t\t\t\t<\/div>\n\t\t\t\t\t\t\t\t\t\n\t\t\t\t\t\t\t<\/div>\n\n\t\t\t\t\t<\/div>\n\t\t[\/vc_column][vc_column width=\u00bb1\/3&#8243; offset=\u00bbvc_col-md-6&#8243; mobile_bg_img_hidden=\u00bbno\u00bb tablet_bg_img_hidden=\u00bbno\u00bb woodmart_parallax=\u00bb0&#8243; woodmart_sticky_column=\u00bbfalse\u00bb parallax_scroll=\u00bbno\u00bb mobile_reset_margin=\u00bbno\u00bb tablet_reset_margin=\u00bbno\u00bb]\n\t\t<div id=\"wd-6186d69cb18e2\" class=\"title-wrapper wd-wpb wd-set-mb reset-last-child  wd-rs-6186d69cb18e2 wd-title-color-default wd-title-style-default text-left vc_custom_1636226815224 wd-underline-colored\">\n\t\t\t\n\t\t\t<div class=\"liner-continer\">\n\t\t\t\t<h4 class=\"woodmart-title-container title  wd-font-weight- wd-fontsize-l\" ><strong>TABLA DE PRECIOS<\/strong><\/h4>\n\t\t\t\t\t\t\t<\/div>\n\t\t\t\n\t\t\t\t\t\t\t<div class=\"title-after_title reset-last-child  wd-fontsize-xs\">Dimensiones: 49 x 37 x 6 cm<\/div>\n\t\t\t\n\t\t\t\n\t\t<\/div>\n\t\t\n\t\t[vc_column_text el_class=\u00bbtext-larger\u00bb text_larger=\u00bbno\u00bb woodmart_inline=\u00bbno\u00bb]<\/p>\n<table>\n<tbody>\n<tr>\n<th style=\"text-align: left;\"><strong>Precio unitario de 1 a 9 unidades:<\/strong><\/th>\n<td style=\"text-align: right; font-size: 16px;\">1,35 \u20ac<\/td>\n<\/tr>\n<tr>\n<th style=\"text-align: left;\"><strong>Precio unitario de 10 a 24 unidades:<\/strong><\/th>\n<td style=\"text-align: right; font-size: 16px;\">1,29 \u20ac<\/td>\n<\/tr>\n<tr>\n<th style=\"text-align: left;\"><strong>Precio unitario de 25 a 49 unidades:<\/strong><\/th>\n<td style=\"text-align: right; font-size: 16px;\">1,25 \u20ac<\/td>\n<\/tr>\n<tr>\n<th style=\"text-align: left;\"><strong>Precio unitario de 50 a 99 unidades:<\/strong><\/th>\n<td style=\"text-align: right; font-size: 16px;\">1,22 \u20ac<\/td>\n<\/tr>\n<tr>\n<th style=\"text-align: left;\"><strong>Precio unitario a partir de 100 unidades:<\/strong><\/th>\n<td style=\"text-align: right; font-size: 16px;\">1,10 \u20ac<\/td>\n<\/tr>\n<\/tbody>\n<\/table>\n<p>[\/vc_column_text]\n\t\t<div id=\"wd-5e4f781bdedd2\" class=\"title-wrapper wd-wpb wd-set-mb reset-last-child  wd-rs-5e4f781bdedd2 wd-title-color-default wd-title-style-default text-left vc_custom_1582266405456 wd-underline-colored\">\n\t\t\t\n\t\t\t<div class=\"liner-continer\">\n\t\t\t\t<h4 class=\"woodmart-title-container title  wd-font-weight- wd-fontsize-m\" ><strong>Precios con I.V.A. Incluido<\/strong><\/h4>\n\t\t\t\t\t\t\t<\/div>\n\t\t\t\n\t\t\t\n\t\t\t\n\t\t<\/div>\n\t\t\n\t\t[vc_column_text text_larger=\u00bbno\u00bb]Las cajas se enviar\u00e1n desmontadas en distintos packs seg\u00fan la cantidad comprada. Para pedidos de otras cantidades puede pedirnos informaci\u00f3n llamando al <strong>93 893 03 77<\/strong> o al <strong>639 343 801<\/strong> o envi\u00e1ndonos un correo electr\u00f3nico a <strong>info@cartigre.com<\/strong>.[\/vc_column_text][\/vc_column][\/vc_row]<\/p>\n<\/div>","protected":false},"excerpt":{"rendered":"<p><em>Precio I.V.A. incluido<\/em><\/p>\n<h5>Dimensiones: 49 x 37 x 6 cm<\/h5>\n<p>Bandeja de cart\u00f3n apilable y automontable, fabricada en cart\u00f3n D3, muy utilizada en pasteler\u00eda pero con posibilidad de utilizarse para otros fines. Este modelo est\u00e1 disponible en color cart\u00f3n (Kraft).<\/p>\n<p><img loading=\"lazy\" decoding=\"async\" class=\" wd-lazy-fade alignnone size-full wp-image-3187\" src=\"https:\/\/www.cartigre.com\/wp-content\/themes\/woodmart\/images\/lazy.svg\" data-src=\"https:\/\/www.cartigre.com\/wp-content\/uploads\/2020\/02\/mides_cartro_canal3.png\" alt=\"\" width=\"266\" height=\"73\" srcset=\"\" data-srcset=\"https:\/\/www.cartigre.com\/wp-content\/uploads\/2020\/02\/mides_cartro_canal3.png 266w, https:\/\/www.cartigre.com\/wp-content\/uploads\/2020\/02\/mides_cartro_canal3-150x41.png 150w\" sizes=\"auto, (max-width: 266px) 100vw, 266px\" \/><\/p>\n<blockquote><p><span style=\"color: #00adb6;\"><strong>IMPORTANT:\u00a0<\/strong><\/span> Compra m\u00ednima de 10 unidades<\/p><\/blockquote>\n","protected":false},"featured_media":7063,"template":"","meta":[],"product_brand":[],"product_cat":[113,116],"product_tag":[],"class_list":{"0":"post-7060","1":"product","2":"type-product","3":"status-publish","4":"has-post-thumbnail","6":"product_cat-cajas-automontables","7":"product_cat-cajas-planas","9":"first","10":"outofstock","11":"taxable","12":"shipping-taxable","13":"purchasable","14":"product-type-variable","15":"has-default-attributes"},"tiered_pricing_type":"fixed","tiered_pricing_fixed_rules":[],"tiered_pricing_percentage_rules":[],"tiered_pricing_minimum":1,"_administrator_tiered_pricing_type":"fixed","_administrator_tiered_pricing_fixed_rules":[],"_editor_tiered_pricing_type":"fixed","_editor_tiered_pricing_fixed_rules":[],"_author_tiered_pricing_type":"fixed","_author_tiered_pricing_fixed_rules":[],"_contributor_tiered_pricing_type":"fixed","_contributor_tiered_pricing_fixed_rules":[],"_subscriber_tiered_pricing_type":"fixed","_subscriber_tiered_pricing_fixed_rules":[],"_customer_tiered_pricing_type":"fixed","_customer_tiered_pricing_fixed_rules":[],"_shop_manager_tiered_pricing_type":"fixed","_shop_manager_tiered_pricing_fixed_rules":[],"_links":{"self":[{"href":"https:\/\/www.cartigre.com\/es\/wp-json\/wp\/v2\/product\/7060","targetHints":{"allow":["GET"]}}],"collection":[{"href":"https:\/\/www.cartigre.com\/es\/wp-json\/wp\/v2\/product"}],"about":[{"href":"https:\/\/www.cartigre.com\/es\/wp-json\/wp\/v2\/types\/product"}],"wp:featuredmedia":[{"embeddable":true,"href":"https:\/\/www.cartigre.com\/es\/wp-json\/wp\/v2\/media\/7063"}],"wp:attachment":[{"href":"https:\/\/www.cartigre.com\/es\/wp-json\/wp\/v2\/media?parent=7060"}],"wp:term":[{"taxonomy":"product_brand","embeddable":true,"href":"https:\/\/www.cartigre.com\/es\/wp-json\/wp\/v2\/product_brand?post=7060"},{"taxonomy":"product_cat","embeddable":true,"href":"https:\/\/www.cartigre.com\/es\/wp-json\/wp\/v2\/product_cat?post=7060"},{"taxonomy":"product_tag","embeddable":true,"href":"https:\/\/www.cartigre.com\/es\/wp-json\/wp\/v2\/product_tag?post=7060"}],"curies":[{"name":"wp","href":"https:\/\/api.w.org\/{rel}","templated":true}]}}