{"id":5389,"date":"2020-02-21T10:38:41","date_gmt":"2020-02-21T08:38:41","guid":{"rendered":"https:\/\/www.cartigre.com\/botiga123\/product\/caja-de-zapatos-con-tachuelas-kraft-st1\/"},"modified":"2022-09-28T16:42:27","modified_gmt":"2022-09-28T14:42:27","slug":"caja-de-zapatos-con-tachuelas-kraft-st1","status":"publish","type":"product","link":"https:\/\/www.cartigre.com\/es\/producto\/caja-de-zapatos-con-tachuelas-kraft-st1\/","title":{"rendered":"Caja de Zapatos con Tachuelas Kraft ST1"},"content":{"rendered":"<div class=\"wpb-content-wrapper\"><p>[vc_row content_placement=\u00bbtop\u00bb el_class=\u00bbwood-shipping\u00bb][vc_column width=\u00bb2\/3&#8243; offset=\u00bbvc_col-md-6&#8243; css=\u00bb.vc_custom_1497605639148{margin-bottom: 30px !important;}\u00bb woodmart_sticky_column=\u00bbtrue\u00bb]\t\t\t<div class=\"google-map-container wd-map-container   wd-rs-69e90b2ec7c1f\" style=\"height: 400px\" data-map-args='{&quot;multiple_markers&quot;:&quot;no&quot;,&quot;latitude&quot;:&quot;41.22444060000001&quot;,&quot;longitude&quot;:&quot;1.7216495000000123&quot;,&quot;zoom&quot;:&quot;15&quot;,&quot;mouse_zoom&quot;:&quot;no&quot;,&quot;init_type&quot;:&quot;page_load&quot;,&quot;init_offset&quot;:&quot;100&quot;,&quot;elementor&quot;:false,&quot;json_style&quot;:&quot;&quot;,&quot;marker_icon&quot;:&quot;https:\\\/\\\/www.cartigre.com\\\/wp-content\\\/themes\\\/woodmart\\\/inc\\\/admin\\\/assets\\\/images\\\/google-icon.png&quot;,&quot;marker_icon_size&quot;:&quot;&quot;,&quot;marker_text_needed&quot;:&quot;yes&quot;,&quot;marker_text&quot;:&quot;&lt;h3 style=\\&quot;min-width:300px; text-align:center; margin:15px;\\&quot;&gt;&lt;\\\/h3&gt;Recollir en la Tienda&lt;br \\\/&gt;\\nRambla Sam\\u00e0 12&quot;,&quot;selector&quot;:&quot;wd-map-id-69e90b2ec8387&quot;,&quot;markers&quot;:&quot;&quot;,&quot;center&quot;:&quot;&quot;}'>\n\t\t\t\t\n\t\t\t\t\n\t\t\t\t<div class=\"wd-google-map-wrapper wd-map-wrapper wd-fill\">\n\t\t\t\t\t<div id=\"wd-map-id-69e90b2ec8387\" class=\"wd-google-map without-content wd-fill\"><\/div>\n\t\t\t\t<\/div>\n\n\t\t\t\t\t\t\t<\/div>\n\t\t[\/vc_column][vc_column width=\u00bb1\/3&#8243; offset=\u00bbvc_col-md-6&#8243; mobile_bg_img_hidden=\u00bbno\u00bb tablet_bg_img_hidden=\u00bbno\u00bb woodmart_parallax=\u00bb0&#8243; woodmart_sticky_column=\u00bbfalse\u00bb parallax_scroll=\u00bbno\u00bb mobile_reset_margin=\u00bbno\u00bb tablet_reset_margin=\u00bbno\u00bb]\n\t\t<div id=\"wd-5e4f9f8846d2f\" class=\"title-wrapper wd-wpb wd-set-mb reset-last-child  wd-rs-5e4f9f8846d2f wd-title-color-default wd-title-style-default text-left vc_custom_1582276510159 wd-underline-colored\">\n\t\t\t\n\t\t\t<div class=\"liner-continer\">\n\t\t\t\t<h4 class=\"woodmart-title-container title  wd-font-weight- wd-fontsize-l\" ><strong>TABLA DE PRECIOS<\/strong><\/h4>\n\t\t\t\t\t\t\t<\/div>\n\t\t\t\n\t\t\t\t\t\t\t<div class=\"title-after_title reset-last-child  wd-fontsize-xs\">&lt;strong&gt;Dimensiones: &lt;\/strong&gt; 36 x 24 x 12 cm<\/div>\n\t\t\t\n\t\t\t\n\t\t<\/div>\n\t\t\n\t\t[vc_column_text el_class=\u00bbtext-larger\u00bb text_larger=\u00bbno\u00bb]<\/p>\n<table>\n<tbody>\n<tr>\n<th style=\"text-align: left;\"><strong>Precio unitario:<\/strong><\/th>\n<td style=\"text-align: right; font-size: 16px;\">2,95 \u20ac<\/td>\n<\/tr>\n<tr>\n<th style=\"text-align: left;\"><strong>Precio unitario pack de 25 unidades:<\/strong><\/th>\n<td style=\"text-align: right; font-size: 16px;\">2,80 \u20ac<\/td>\n<\/tr>\n<\/tbody>\n<\/table>\n<p>[\/vc_column_text]\n\t\t<div id=\"wd-5e4f781bdedd2\" class=\"title-wrapper wd-wpb wd-set-mb reset-last-child  wd-rs-5e4f781bdedd2 wd-title-color-default wd-title-style-default text-left vc_custom_1582266405456 wd-underline-colored\">\n\t\t\t\n\t\t\t<div class=\"liner-continer\">\n\t\t\t\t<h4 class=\"woodmart-title-container title  wd-font-weight- wd-fontsize-m\" ><strong>Precios con I.V.A. Incluido<\/strong><\/h4>\n\t\t\t\t\t\t\t<\/div>\n\t\t\t\n\t\t\t\n\t\t\t\n\t\t<\/div>\n\t\t\n\t\t[vc_column_text text_larger=\u00bbno\u00bb css=\u00bb.vc_custom_1593778942210{padding-top: 12px !important;padding-right: 18px !important;padding-bottom: 18px !important;padding-left: 18px !important;background-color: #f6e8d9 !important;}\u00bb]Las cajas de Tapa y Fondo <strong>s\u00f3lo se pueden adquirir en nuestra Tienda de la Rambla Sam\u00e0, 12 de Vilanova i la Geltr\u00fa.<\/strong> Para cualquier duda podeis llamar al <strong>93 893 03 77<\/strong> o enviarnos un correo electr\u00f3nico a <strong>info@cartigre.com<\/strong>.[\/vc_column_text][\/vc_column][\/vc_row]<\/p>\n<\/div>","protected":false},"excerpt":{"rendered":"<p><em>Precio I.V.A. incluido<\/em><\/p>\n<h5>Dimensiones: 36 x 24 x 12 cm<\/h5>\n<p>Caja montada con tachuelas y forrada con papel color kraft.<\/p>\n<p><img loading=\"lazy\" decoding=\"async\" class=\" wd-lazy-fade alignnone size-medium wp-image-3342\" src=\"https:\/\/www.cartigre.com\/wp-content\/themes\/woodmart\/images\/lazy.svg\" data-src=\"https:\/\/www.cartigre.com\/wp-content\/uploads\/2020\/02\/tapafons_caixa_sabates_tatxes_36x24x12-300x221.png\" alt=\"\" width=\"300\" height=\"221\" srcset=\"\" data-srcset=\"https:\/\/www.cartigre.com\/wp-content\/uploads\/2020\/02\/tapafons_caixa_sabates_tatxes_36x24x12-300x221.png 300w, https:\/\/www.cartigre.com\/wp-content\/uploads\/2020\/02\/tapafons_caixa_sabates_tatxes_36x24x12-150x111.png 150w, https:\/\/www.cartigre.com\/wp-content\/uploads\/2020\/02\/tapafons_caixa_sabates_tatxes_36x24x12.png 380w\" sizes=\"auto, (max-width: 300px) 100vw, 300px\" \/><\/p>\n<table>\n<tbody>\n<tr>\n<th style=\"text-align: left;\"><strong>Precio unitario:<\/strong><\/th>\n<td style=\"text-align: right; font-size: 16px;\">2,95 \u20ac<\/td>\n<\/tr>\n<tr>\n<th style=\"text-align: left;\"><strong>Precio unitario pack de 25 unidades:<\/strong><\/th>\n<td style=\"text-align: right; font-size: 16px;\">2,80 \u20ac<\/td>\n<\/tr>\n<\/tbody>\n<\/table>\n<p>&nbsp;<\/p>\n<blockquote><p><span style=\"color: #00adb6;\"><strong>IMPORTANT:\u00a0<\/strong><\/span> Caja no disponible para la venta online. Disponible en nuestros centros. Para m\u00e1s informaci\u00f3n sobre esta caja contacte con nosotros por mail en <strong>info@cartigre.com<\/strong> o por tel\u00e9fono al <strong>639 343 801<\/strong><\/p><\/blockquote>\n","protected":false},"featured_media":5219,"template":"","meta":[],"product_brand":[],"product_cat":[117,122],"product_tag":[],"class_list":{"0":"post-5389","1":"product","2":"type-product","3":"status-publish","4":"has-post-thumbnail","6":"product_cat-cajas-con-tapa-y-fondo","7":"product_cat-zapatos","9":"first","10":"outofstock","11":"taxable","12":"shipping-taxable","13":"purchasable","14":"product-type-simple"},"tiered_pricing_type":"fixed","tiered_pricing_fixed_rules":[],"tiered_pricing_percentage_rules":[],"tiered_pricing_minimum":1,"_administrator_tiered_pricing_type":"fixed","_administrator_tiered_pricing_fixed_rules":[],"_editor_tiered_pricing_type":"fixed","_editor_tiered_pricing_fixed_rules":[],"_author_tiered_pricing_type":"fixed","_author_tiered_pricing_fixed_rules":[],"_contributor_tiered_pricing_type":"fixed","_contributor_tiered_pricing_fixed_rules":[],"_subscriber_tiered_pricing_type":"fixed","_subscriber_tiered_pricing_fixed_rules":[],"_customer_tiered_pricing_type":"fixed","_customer_tiered_pricing_fixed_rules":[],"_shop_manager_tiered_pricing_type":"fixed","_shop_manager_tiered_pricing_fixed_rules":[],"_links":{"self":[{"href":"https:\/\/www.cartigre.com\/es\/wp-json\/wp\/v2\/product\/5389","targetHints":{"allow":["GET"]}}],"collection":[{"href":"https:\/\/www.cartigre.com\/es\/wp-json\/wp\/v2\/product"}],"about":[{"href":"https:\/\/www.cartigre.com\/es\/wp-json\/wp\/v2\/types\/product"}],"wp:featuredmedia":[{"embeddable":true,"href":"https:\/\/www.cartigre.com\/es\/wp-json\/wp\/v2\/media\/5219"}],"wp:attachment":[{"href":"https:\/\/www.cartigre.com\/es\/wp-json\/wp\/v2\/media?parent=5389"}],"wp:term":[{"taxonomy":"product_brand","embeddable":true,"href":"https:\/\/www.cartigre.com\/es\/wp-json\/wp\/v2\/product_brand?post=5389"},{"taxonomy":"product_cat","embeddable":true,"href":"https:\/\/www.cartigre.com\/es\/wp-json\/wp\/v2\/product_cat?post=5389"},{"taxonomy":"product_tag","embeddable":true,"href":"https:\/\/www.cartigre.com\/es\/wp-json\/wp\/v2\/product_tag?post=5389"}],"curies":[{"name":"wp","href":"https:\/\/api.w.org\/{rel}","templated":true}]}}