{"id":5338,"date":"2020-04-07T11:44:21","date_gmt":"2020-04-07T09:44:21","guid":{"rendered":"https:\/\/www.cartigre.com\/botiga123\/product\/caja-automontable-32-1\/"},"modified":"2026-02-23T16:50:23","modified_gmt":"2026-02-23T14:50:23","slug":"caja-de-carton-automontable-32-1","status":"publish","type":"product","link":"https:\/\/www.cartigre.com\/es\/producto\/caja-de-carton-automontable-32-1\/","title":{"rendered":"Caja Automontable 32\/1"},"content":{"rendered":"<div class=\"wpb-content-wrapper\"><p>[vc_row content_placement=\u00bbtop\u00bb el_class=\u00bbwood-shipping\u00bb][vc_column width=\u00bb2\/3&#8243; offset=\u00bbvc_col-md-6&#8243; css=\u00bb.vc_custom_1497605639148{margin-bottom: 30px !important;}\u00bb woodmart_sticky_column=\u00bbtrue\u00bb]\t\t<div id=\"gallery_772\" class=\"wd-images-gallery wd-wpb\" style=\"--wd-justify-content:center;--wd-align-items:center;\">\n\t\t\t\n\t\t\t<div class=\" wd-grid-g\" style=\"--wd-col-lg:1;--wd-col-md:1;--wd-col-sm:1;--wd-gap-lg:0px;\">\n\t\t\t\t\n\t\t\t\t\t\t\t\t\t\t\t\t\t\t\t<div class=\"wd-gallery-item wd-col\">\n\t\t\t\t\t\t\t\n\t\t\t\t\t\t\t\t<img loading=\"lazy\" decoding=\"async\" width=\"650\" height=\"346\" src=\"https:\/\/www.cartigre.com\/wp-content\/uploads\/2020\/04\/caixa-automuntable-321_desplegades.jpg\" class=\"wd-gallery-image image-1\" alt=\"caixa de cartr\u00f3 automuntable 32\/1 kraft desmuntada\" srcset=\"https:\/\/www.cartigre.com\/wp-content\/uploads\/2020\/04\/caixa-automuntable-321_desplegades.jpg 650w, https:\/\/www.cartigre.com\/wp-content\/uploads\/2020\/04\/caixa-automuntable-321_desplegades-150x80.jpg 150w, https:\/\/www.cartigre.com\/wp-content\/uploads\/2020\/04\/caixa-automuntable-321_desplegades-300x160.jpg 300w\" sizes=\"auto, (max-width: 650px) 100vw, 650px\" \/>\n\t\t\t\t\t\t\t\t\t\t\t\t\t\t<\/div>\n\t\t\t\t\t\t\t\t\t\n\t\t\t\t\t\t\t<\/div>\n\n\t\t\t\t\t<\/div>\n\t\t[\/vc_column][vc_column width=\u00bb1\/3&#8243; offset=\u00bbvc_col-md-6&#8243; mobile_bg_img_hidden=\u00bbno\u00bb tablet_bg_img_hidden=\u00bbno\u00bb woodmart_parallax=\u00bb0&#8243; woodmart_sticky_column=\u00bbfalse\u00bb parallax_scroll=\u00bbno\u00bb mobile_reset_margin=\u00bbno\u00bb tablet_reset_margin=\u00bbno\u00bb]\n\t\t<div id=\"wd-61ba42f80387f\" class=\"title-wrapper wd-wpb wd-set-mb reset-last-child  wd-rs-61ba42f80387f wd-title-color-default wd-title-style-default text-left vc_custom_1639596803750 wd-underline-colored\">\n\t\t\t\n\t\t\t<div class=\"liner-continer\">\n\t\t\t\t<h4 class=\"woodmart-title-container title  wd-font-weight- wd-fontsize-l\" ><strong>TABLA DE PRECIOS<\/strong><\/h4>\n\t\t\t\t\t\t\t<\/div>\n\t\t\t\n\t\t\t\t\t\t\t<div class=\"title-after_title reset-last-child  wd-fontsize-xs\">Dimensiones: 29,5 x 21,5 x 6 cm<\/div>\n\t\t\t\n\t\t\t\n\t\t<\/div>\n\t\t\n\t\t[vc_column_text css=\u00bb\u00bb el_class=\u00bbtext-larger\u00bb text_larger=\u00bbno\u00bb woodmart_inline=\u00bbno\u00bb]<\/p>\n<table>\n<tbody>\n<tr>\n<th style=\"text-align: left;\"><strong>Precio unitario de 1 a 9 unidades:<\/strong><\/th>\n<td style=\"text-align: right; font-size: 16px;\">1,37 \u20ac<\/td>\n<\/tr>\n<tr>\n<th style=\"text-align: left;\"><strong>Precio unitario de 10 a 24 unidades:<\/strong><\/th>\n<td style=\"text-align: right; font-size: 16px;\">1,30 \u20ac<\/td>\n<\/tr>\n<tr>\n<th style=\"text-align: left;\"><strong>Precio unitario de 25 a 49 unidades:<\/strong><\/th>\n<td style=\"text-align: right; font-size: 16px;\">1,26 \u20ac<\/td>\n<\/tr>\n<tr>\n<th style=\"text-align: left;\"><strong>Precio unitario de 50 a 99 unidades:<\/strong><\/th>\n<td style=\"text-align: right; font-size: 16px;\">1,23 \u20ac<\/td>\n<\/tr>\n<tr>\n<th style=\"text-align: left;\"><strong>Precio unitario a partir de 100 unidades:<\/strong><\/th>\n<td style=\"text-align: right; font-size: 16px;\">1,09 \u20ac<\/td>\n<\/tr>\n<\/tbody>\n<\/table>\n<p>[\/vc_column_text]\n\t\t<div id=\"wd-5e4f78394e13e\" class=\"title-wrapper wd-wpb wd-set-mb reset-last-child  wd-rs-5e4f78394e13e wd-title-color-default wd-title-style-default text-left vc_custom_1582266434583 wd-underline-colored\">\n\t\t\t\n\t\t\t<div class=\"liner-continer\">\n\t\t\t\t<h4 class=\"woodmart-title-container title  wd-font-weight- wd-fontsize-m\" ><strong>Precios con I.V.A. Incluido<\/strong><\/h4>\n\t\t\t\t\t\t\t<\/div>\n\t\t\t\n\t\t\t\n\t\t\t\n\t\t<\/div>\n\t\t\n\t\t[vc_column_text text_larger=\u00bbno\u00bb]Las cajas se enviar\u00e1n desmontadas en diferentes packs seg\u00fan la cantidad comprada. Para pedidos de otras cantidades nos puede solicitar informaci\u00f3n llamando al <strong>93 893 03 77<\/strong> o al <strong>639 343 801<\/strong> o envi\u00e1ndonos un correo electr\u00f3nico a <strong>info@cartigre.com<\/strong>.[\/vc_column_text][\/vc_column][\/vc_row]<\/p>\n<\/div>","protected":false},"excerpt":{"rendered":"<p><em>Precio I.V.A. incluido<\/em><\/p>\n<h5>Dimensiones: 29,5 x 21,5 x 6 cm<\/h5>\n<p>Cajas de cart\u00f3n automontables fabricadas con Microcanal. Este modelo est\u00e1 disponible en color cart\u00f3n (Kraft) y en color blanco.<\/p>\n<p><img loading=\"lazy\" decoding=\"async\" class=\" wd-lazy-fade alignnone size-full wp-image-3315\" src=\"https:\/\/www.cartigre.com\/wp-content\/themes\/woodmart\/images\/lazy.svg\" data-src=\"https:\/\/www.cartigre.com\/wp-content\/uploads\/2020\/02\/mides_cartro_micro.png\" alt=\"\" width=\"278\" height=\"65\" srcset=\"\" data-srcset=\"https:\/\/www.cartigre.com\/wp-content\/uploads\/2020\/02\/mides_cartro_micro.png 278w, https:\/\/www.cartigre.com\/wp-content\/uploads\/2020\/02\/mides_cartro_micro-150x35.png 150w\" sizes=\"auto, (max-width: 278px) 100vw, 278px\" \/><\/p>\n<blockquote><p><span style=\"color: #00adb6;\"><strong>IMPORTANT:\u00a0<\/strong><\/span> Compra m\u00ednima de 10 unidades<\/p><\/blockquote>\n","protected":false},"featured_media":5339,"template":"","meta":[],"product_brand":[],"product_cat":[113,115,149],"product_tag":[],"class_list":{"0":"post-5338","1":"product","2":"type-product","3":"status-publish","4":"has-post-thumbnail","6":"product_cat-cajas-automontables","7":"product_cat-cajas-pequenas","8":"product_cat-ecommerce-es","10":"first","11":"instock","12":"taxable","13":"shipping-taxable","14":"purchasable","15":"product-type-variable"},"tiered_pricing_type":"fixed","tiered_pricing_fixed_rules":[],"tiered_pricing_percentage_rules":[],"tiered_pricing_minimum":1,"_administrator_tiered_pricing_type":"fixed","_administrator_tiered_pricing_fixed_rules":[],"_editor_tiered_pricing_type":"fixed","_editor_tiered_pricing_fixed_rules":[],"_author_tiered_pricing_type":"fixed","_author_tiered_pricing_fixed_rules":[],"_contributor_tiered_pricing_type":"fixed","_contributor_tiered_pricing_fixed_rules":[],"_subscriber_tiered_pricing_type":"fixed","_subscriber_tiered_pricing_fixed_rules":[],"_customer_tiered_pricing_type":"fixed","_customer_tiered_pricing_fixed_rules":[],"_shop_manager_tiered_pricing_type":"fixed","_shop_manager_tiered_pricing_fixed_rules":[],"_links":{"self":[{"href":"https:\/\/www.cartigre.com\/es\/wp-json\/wp\/v2\/product\/5338","targetHints":{"allow":["GET"]}}],"collection":[{"href":"https:\/\/www.cartigre.com\/es\/wp-json\/wp\/v2\/product"}],"about":[{"href":"https:\/\/www.cartigre.com\/es\/wp-json\/wp\/v2\/types\/product"}],"wp:featuredmedia":[{"embeddable":true,"href":"https:\/\/www.cartigre.com\/es\/wp-json\/wp\/v2\/media\/5339"}],"wp:attachment":[{"href":"https:\/\/www.cartigre.com\/es\/wp-json\/wp\/v2\/media?parent=5338"}],"wp:term":[{"taxonomy":"product_brand","embeddable":true,"href":"https:\/\/www.cartigre.com\/es\/wp-json\/wp\/v2\/product_brand?post=5338"},{"taxonomy":"product_cat","embeddable":true,"href":"https:\/\/www.cartigre.com\/es\/wp-json\/wp\/v2\/product_cat?post=5338"},{"taxonomy":"product_tag","embeddable":true,"href":"https:\/\/www.cartigre.com\/es\/wp-json\/wp\/v2\/product_tag?post=5338"}],"curies":[{"name":"wp","href":"https:\/\/api.w.org\/{rel}","templated":true}]}}