{"id":5269,"date":"2020-04-13T21:33:10","date_gmt":"2020-04-13T19:33:10","guid":{"rendered":"https:\/\/www.cartigre.com\/botiga123\/product\/caja-automontable-6-botellas-c6a\/"},"modified":"2025-01-17T20:23:44","modified_gmt":"2025-01-17T18:23:44","slug":"caja-de-carton-automontable-6-botellas-c6a","status":"publish","type":"product","link":"https:\/\/www.cartigre.com\/es\/producto\/caja-de-carton-automontable-6-botellas-c6a\/","title":{"rendered":"Caja Automontable 6 Botellas C6A"},"content":{"rendered":"<div class=\"wpb-content-wrapper\"><p>[vc_row content_placement=\u00bbtop\u00bb el_class=\u00bbwood-shipping\u00bb][vc_column width=\u00bb2\/3&#8243; offset=\u00bbvc_col-md-6&#8243; css=\u00bb.vc_custom_1497605639148{margin-bottom: 30px !important;}\u00bb woodmart_sticky_column=\u00bbtrue\u00bb]\t\t<div id=\"gallery_628\" class=\"wd-images-gallery wd-wpb\" style=\"--wd-justify-content:center;--wd-align-items:center;\">\n\t\t\t\n\t\t\t<div class=\" wd-grid-g\" style=\"--wd-col-lg:1;--wd-col-md:1;--wd-col-sm:1;--wd-gap-lg:0px;\">\n\t\t\t\t\n\t\t\t\t\t\t\t\t\t\t\t\t\t\t\t<div class=\"wd-gallery-item wd-col\">\n\t\t\t\t\t\t\t\n\t\t\t\t\t\t\t\t<img loading=\"lazy\" decoding=\"async\" width=\"650\" height=\"438\" src=\"https:\/\/www.cartigre.com\/wp-content\/uploads\/2020\/04\/caixa-automuntable-6-ampolles_C6A_desmuntada.jpg\" class=\"wd-gallery-image image-1\" alt=\"caixes de cartr\u00f3 automuntable 6 ampolles C6A desmuntades\" srcset=\"https:\/\/www.cartigre.com\/wp-content\/uploads\/2020\/04\/caixa-automuntable-6-ampolles_C6A_desmuntada.jpg 650w, https:\/\/www.cartigre.com\/wp-content\/uploads\/2020\/04\/caixa-automuntable-6-ampolles_C6A_desmuntada-150x101.jpg 150w, https:\/\/www.cartigre.com\/wp-content\/uploads\/2020\/04\/caixa-automuntable-6-ampolles_C6A_desmuntada-300x202.jpg 300w\" sizes=\"auto, (max-width: 650px) 100vw, 650px\" \/>\n\t\t\t\t\t\t\t\t\t\t\t\t\t\t<\/div>\n\t\t\t\t\t\t\t\t\t\n\t\t\t\t\t\t\t<\/div>\n\n\t\t\t\t\t<\/div>\n\t\t[\/vc_column][vc_column width=\u00bb1\/3&#8243; offset=\u00bbvc_col-md-6&#8243; mobile_bg_img_hidden=\u00bbno\u00bb tablet_bg_img_hidden=\u00bbno\u00bb woodmart_parallax=\u00bb0&#8243; woodmart_sticky_column=\u00bbfalse\u00bb parallax_scroll=\u00bbno\u00bb mobile_reset_margin=\u00bbno\u00bb tablet_reset_margin=\u00bbno\u00bb]\n\t\t<div id=\"wd-5e94bed731704\" class=\"title-wrapper wd-wpb wd-set-mb reset-last-child  wd-rs-5e94bed731704 wd-title-color-default wd-title-style-default text-left vc_custom_1586806507750 wd-underline-colored\">\n\t\t\t\n\t\t\t<div class=\"liner-continer\">\n\t\t\t\t<h4 class=\"woodmart-title-container title  wd-font-weight- wd-fontsize-l\" ><strong>TABLA DE PRECIOS<\/strong><\/h4>\n\t\t\t\t\t\t\t<\/div>\n\t\t\t\n\t\t\t\t\t\t\t<div class=\"title-after_title reset-last-child  wd-fontsize-xs\">&lt;strong&gt;Dimensiones: &lt;\/strong&gt; 27 x 18 x 30 cm<\/div>\n\t\t\t\n\t\t\t\n\t\t<\/div>\n\t\t\n\t\t[vc_column_text css=\u00bb\u00bb el_class=\u00bbtext-larger\u00bb text_larger=\u00bbno\u00bb woodmart_inline=\u00bbno\u00bb]<\/p>\n<table>\n<tbody>\n<tr>\n<th style=\"text-align: left;\"><strong>Precio unitario para 10 unidades:<\/strong><\/th>\n<td style=\"text-align: right; font-size: 16px;\">2,30 \u20ac<\/td>\n<\/tr>\n<tr>\n<th style=\"text-align: left;\"><strong>Precio unitario para 25 unidades:<\/strong><\/th>\n<td style=\"text-align: right; font-size: 16px;\">2,20 \u20ac<\/td>\n<\/tr>\n<tr>\n<th style=\"text-align: left;\"><strong>Precio unitario para 50 unidades:<\/strong><\/th>\n<td style=\"text-align: right; font-size: 16px;\">2,16 \u20ac<\/td>\n<\/tr>\n<tr>\n<th style=\"text-align: left;\"><strong>Precio unitario para 100 unidades:<\/strong><\/th>\n<td style=\"text-align: right; font-size: 16px;\">1,92 \u20ac<\/td>\n<\/tr>\n<\/tbody>\n<\/table>\n<p>[\/vc_column_text]\n\t\t<div id=\"wd-5e4f781bdedd2\" class=\"title-wrapper wd-wpb wd-set-mb reset-last-child  wd-rs-5e4f781bdedd2 wd-title-color-default wd-title-style-default text-left vc_custom_1582266405456 wd-underline-colored\">\n\t\t\t\n\t\t\t<div class=\"liner-continer\">\n\t\t\t\t<h4 class=\"woodmart-title-container title  wd-font-weight- wd-fontsize-m\" ><strong>Precios con I.V.A. Incluido<\/strong><\/h4>\n\t\t\t\t\t\t\t<\/div>\n\t\t\t\n\t\t\t\n\t\t\t\n\t\t<\/div>\n\t\t\n\t\t[vc_column_text text_larger=\u00bbno\u00bb]Las cajas se enviar\u00e1n desmontadas en diferentes packs seg\u00fan la cantidad comprada. Para pedidos de otras cantidades nos puede solicitar informaci\u00f3n llamando al <strong>93 893 03 77<\/strong> o al <strong>639 343 801<\/strong> o envi\u00e1ndonos un correo electr\u00f3nico a <strong>info@cartigre.com<\/strong>.[\/vc_column_text][\/vc_column][\/vc_row]<\/p>\n<\/div>","protected":false},"excerpt":{"rendered":"<p><em>Precio I.V.A. incluido<\/em><\/p>\n<h5>Dimensiones: 27 x 18 x 30 cm<\/h5>\n<p>Caja de una sola pieza de cart\u00f3n con capacidad para 6 botellas de vino o cava. Fabricadas con cart\u00f3n D5. Este modelo est\u00e1 disponible en color cart\u00f3n (kraft) y color blanco.<\/p>\n<p><img loading=\"lazy\" decoding=\"async\" class=\" wd-lazy-fade alignnone size-full wp-image-3369\" src=\"https:\/\/www.cartigre.com\/wp-content\/themes\/woodmart\/images\/lazy.svg\" data-src=\"https:\/\/www.cartigre.com\/wp-content\/uploads\/2020\/03\/cartro-canal_D5.png\" alt=\"\" width=\"278\" height=\"67\" srcset=\"\" data-srcset=\"https:\/\/www.cartigre.com\/wp-content\/uploads\/2020\/03\/cartro-canal_D5.png 278w, https:\/\/www.cartigre.com\/wp-content\/uploads\/2020\/03\/cartro-canal_D5-150x36.png 150w\" sizes=\"auto, (max-width: 278px) 100vw, 278px\" \/><\/p>\n<blockquote><p><span style=\"color: #00adb6;\"><strong>IMPORTANT:\u00a0<\/strong><\/span> Compra m\u00ednima de 10 unidades<\/p><\/blockquote>\n","protected":false},"featured_media":5270,"template":"","meta":[],"product_brand":[],"product_cat":[113,114],"product_tag":[],"class_list":{"0":"post-5269","1":"product","2":"type-product","3":"status-publish","4":"has-post-thumbnail","6":"product_cat-cajas-automontables","7":"product_cat-cajas-botellas-y-lotes","9":"first","10":"instock","11":"taxable","12":"shipping-taxable","13":"purchasable","14":"product-type-variable"},"tiered_pricing_type":"fixed","tiered_pricing_fixed_rules":[],"tiered_pricing_percentage_rules":[],"tiered_pricing_minimum":1,"_administrator_tiered_pricing_type":"fixed","_administrator_tiered_pricing_fixed_rules":[],"_editor_tiered_pricing_type":"fixed","_editor_tiered_pricing_fixed_rules":[],"_author_tiered_pricing_type":"fixed","_author_tiered_pricing_fixed_rules":[],"_contributor_tiered_pricing_type":"fixed","_contributor_tiered_pricing_fixed_rules":[],"_subscriber_tiered_pricing_type":"fixed","_subscriber_tiered_pricing_fixed_rules":[],"_customer_tiered_pricing_type":"fixed","_customer_tiered_pricing_fixed_rules":[],"_shop_manager_tiered_pricing_type":"fixed","_shop_manager_tiered_pricing_fixed_rules":[],"_links":{"self":[{"href":"https:\/\/www.cartigre.com\/es\/wp-json\/wp\/v2\/product\/5269","targetHints":{"allow":["GET"]}}],"collection":[{"href":"https:\/\/www.cartigre.com\/es\/wp-json\/wp\/v2\/product"}],"about":[{"href":"https:\/\/www.cartigre.com\/es\/wp-json\/wp\/v2\/types\/product"}],"wp:featuredmedia":[{"embeddable":true,"href":"https:\/\/www.cartigre.com\/es\/wp-json\/wp\/v2\/media\/5270"}],"wp:attachment":[{"href":"https:\/\/www.cartigre.com\/es\/wp-json\/wp\/v2\/media?parent=5269"}],"wp:term":[{"taxonomy":"product_brand","embeddable":true,"href":"https:\/\/www.cartigre.com\/es\/wp-json\/wp\/v2\/product_brand?post=5269"},{"taxonomy":"product_cat","embeddable":true,"href":"https:\/\/www.cartigre.com\/es\/wp-json\/wp\/v2\/product_cat?post=5269"},{"taxonomy":"product_tag","embeddable":true,"href":"https:\/\/www.cartigre.com\/es\/wp-json\/wp\/v2\/product_tag?post=5269"}],"curies":[{"name":"wp","href":"https:\/\/api.w.org\/{rel}","templated":true}]}}