{"id":6332,"date":"2020-07-12T10:26:10","date_gmt":"2020-07-12T08:26:10","guid":{"rendered":"https:\/\/www.cartigre.com\/botiga123\/?page_id=6332"},"modified":"2024-03-22T13:38:09","modified_gmt":"2024-03-22T11:38:09","slug":"la-fabrica","status":"publish","type":"page","link":"https:\/\/www.cartigre.com\/es\/la-fabrica\/","title":{"rendered":"La F\u00e1brica"},"content":{"rendered":"<div class=\"wpb-content-wrapper\"><p>[vc_row][vc_column css=\u00bb.vc_custom_1591656881021{margin-top: -20px !important;}\u00bb mobile_bg_img_hidden=\u00bbno\u00bb tablet_bg_img_hidden=\u00bbno\u00bb woodmart_parallax=\u00bb0&#8243; woodmart_sticky_column=\u00bbfalse\u00bb parallax_scroll=\u00bbno\u00bb mobile_reset_margin=\u00bbno\u00bb tablet_reset_margin=\u00bbno\u00bb][vc_video link=\u00bbhttps:\/\/www.youtube.com\/watch?v=t8mV4QOg8u0&amp;t=11s\u00bb image_poster_switch=\u00bbno\u00bb][\/vc_column][\/vc_row][vc_row][vc_column][vc_separator][\/vc_column][\/vc_row][vc_row][vc_column width=\u00bb2\/5&#8243;][vc_column_text text_larger=\u00bbno\u00bb]<\/p>\n<h3>Cam\u00ed dels Capellans, s\/n<\/h3>\n<p><strong>Nuestra F\u00e1brica<\/strong> est\u00e1 situada en el camino de los Curas de Vilanova y la Geltr\u00fa, junto a la Ronda Ib\u00e9rica.<\/p>\n<p>Disponemos de 2.000 metros cuadrados de naves y almacenes donde tenemos ubicadas nuestras instalaciones de producci\u00f3n, tanto en Cartonaje como en Rotulaci\u00f3n e Impresi\u00f3n Digital. Tambi\u00e9n se encuentran nuestras oficinas.[\/vc_column_text][\/vc_column][vc_column width=\u00bb1\/5&#8243;][vc_column_text text_larger=\u00bbno\u00bb woodmart_inline=\u00bbno\u00bb]<\/p>\n<h3>Horarios<\/h3>\n<p><strong>De Lunes a Viernes:<\/strong><br \/>\n<strong>Ma\u00f1ana:<\/strong> 7:30 a 13:30 horas[\/vc_column_text][vc_single_image image=\u00bb6077&#8243; img_size=\u00bb\u00bb parallax_scroll=\u00bbno\u00bb][\/vc_column][vc_column width=\u00bb2\/5&#8243;]\t\t\t<div class=\"google-map-container wd-map-container   wd-rs-69edc42d68d43\" style=\"height: 400px\" data-map-args='{&quot;multiple_markers&quot;:&quot;no&quot;,&quot;latitude&quot;:&quot;41.22978241135137&quot;,&quot;longitude&quot;:&quot;1.7183031628566658&quot;,&quot;zoom&quot;:&quot;15&quot;,&quot;mouse_zoom&quot;:&quot;no&quot;,&quot;init_type&quot;:&quot;page_load&quot;,&quot;init_offset&quot;:&quot;100&quot;,&quot;elementor&quot;:false,&quot;json_style&quot;:&quot;&quot;,&quot;marker_icon&quot;:&quot;https:\\\/\\\/www.cartigre.com\\\/wp-content\\\/themes\\\/woodmart\\\/inc\\\/admin\\\/assets\\\/images\\\/google-icon.png&quot;,&quot;marker_icon_size&quot;:&quot;&quot;,&quot;marker_text_needed&quot;:&quot;yes&quot;,&quot;marker_text&quot;:&quot;&lt;h3 style=\\&quot;min-width:300px; text-align:center; margin:15px;\\&quot;&gt;&lt;\\\/h3&gt;La F\\u00e1brica&lt;br \\\/&gt;\\nCam\\u00ed del Capellans, s\\\/n&quot;,&quot;selector&quot;:&quot;wd-map-id-69edc42d69928&quot;,&quot;markers&quot;:&quot;&quot;,&quot;center&quot;:&quot;&quot;}'>\n\t\t\t\t\n\t\t\t\t\n\t\t\t\t<div class=\"wd-google-map-wrapper wd-map-wrapper wd-fill\">\n\t\t\t\t\t<div id=\"wd-map-id-69edc42d69928\" class=\"wd-google-map without-content wd-fill\"><\/div>\n\t\t\t\t<\/div>\n\n\t\t\t\t\t\t\t<\/div>\n\t\t[\/vc_column][\/vc_row]<\/p>\n<\/div>","protected":false},"excerpt":{"rendered":"<p>[vc_row][vc_column css=\u00bb.vc_custom_1591656881021{margin-top: -20px !important;}\u00bb mobile_bg_img_hidden=\u00bbno\u00bb tablet_bg_img_hidden=\u00bbno\u00bb woodmart_parallax=\u00bb0&#8243; woodmart_sticky_column=\u00bbfalse\u00bb parallax_scroll=\u00bbno\u00bb mobile_reset_margin=\u00bbno\u00bb tablet_reset_margin=\u00bbno\u00bb][vc_video link=\u00bbhttps:\/\/www.youtube.com\/watch?v=t8mV4QOg8u0&amp;t=11s\u00bb image_poster_switch=\u00bbno\u00bb][\/vc_column][\/vc_row][vc_row][vc_column][vc_separator][\/vc_column][\/vc_row][vc_row][vc_column width=\u00bb2\/5&#8243;][vc_column_text text_larger=\u00bbno\u00bb] Cam\u00ed dels Capellans, s\/n Nuestra<\/p>\n","protected":false},"author":1,"featured_media":0,"parent":0,"menu_order":0,"comment_status":"closed","ping_status":"closed","template":"","meta":{"footnotes":""},"class_list":["post-6332","page","type-page","status-publish","hentry"],"_links":{"self":[{"href":"https:\/\/www.cartigre.com\/es\/wp-json\/wp\/v2\/pages\/6332","targetHints":{"allow":["GET"]}}],"collection":[{"href":"https:\/\/www.cartigre.com\/es\/wp-json\/wp\/v2\/pages"}],"about":[{"href":"https:\/\/www.cartigre.com\/es\/wp-json\/wp\/v2\/types\/page"}],"author":[{"embeddable":true,"href":"https:\/\/www.cartigre.com\/es\/wp-json\/wp\/v2\/users\/1"}],"replies":[{"embeddable":true,"href":"https:\/\/www.cartigre.com\/es\/wp-json\/wp\/v2\/comments?post=6332"}],"version-history":[{"count":7,"href":"https:\/\/www.cartigre.com\/es\/wp-json\/wp\/v2\/pages\/6332\/revisions"}],"predecessor-version":[{"id":7834,"href":"https:\/\/www.cartigre.com\/es\/wp-json\/wp\/v2\/pages\/6332\/revisions\/7834"}],"wp:attachment":[{"href":"https:\/\/www.cartigre.com\/es\/wp-json\/wp\/v2\/media?parent=6332"}],"curies":[{"name":"wp","href":"https:\/\/api.w.org\/{rel}","templated":true}]}}