{"id":6310,"date":"2020-07-12T09:51:21","date_gmt":"2020-07-12T07:51:21","guid":{"rendered":"https:\/\/www.cartigre.com\/botiga123\/?page_id=6310"},"modified":"2020-07-12T19:33:36","modified_gmt":"2020-07-12T17:33:36","slug":"historia","status":"publish","type":"page","link":"https:\/\/www.cartigre.com\/es\/historia\/","title":{"rendered":"Historia"},"content":{"rendered":"<div class=\"wpb-content-wrapper\"><p>[vc_row content_placement=\u00bbtop\u00bb css=\u00bb.vc_custom_1591645907534{margin-bottom: 20px !important;}\u00bb mobile_bg_img_hidden=\u00bbno\u00bb tablet_bg_img_hidden=\u00bbno\u00bb woodmart_parallax=\u00bb0&#8243; woodmart_gradient_switch=\u00bbno\u00bb row_reverse_mobile=\u00bb0&#8243; row_reverse_tablet=\u00bb0&#8243; woodmart_disable_overflow=\u00bb0&#8243;][vc_column css=\u00bb.vc_custom_1499847517868{margin-bottom: 30px !important;}\u00bb offset=\u00bbvc_col-lg-8 vc_col-md-12&#8243;][vc_video link=\u00bbhttps:\/\/www.youtube.com\/watch?v=&#8211;Bl0FcWRkE\u00bb align=\u00bbcenter\u00bb image_poster_switch=\u00bbyes\u00bb css=\u00bb.vc_custom_1591645110948{margin-bottom: 0px !important;}\u00bb][\/vc_column][vc_column css=\u00bb.vc_custom_1589045131431{border-top-width: 10px !important;border-right-width: 10px !important;border-bottom-width: 10px !important;border-left-width: 10px !important;padding-top: 30px !important;padding-right: 30px !important;padding-bottom: 10px !important;padding-left: 30px !important;border-left-color: #dd9933 !important;border-right-color: #dd9933 !important;border-top-color: #dd9933 !important;border-bottom-color: #dd9933 !important;}\u00bb offset=\u00bbvc_col-lg-4 vc_col-md-12&#8243; mobile_bg_img_hidden=\u00bbno\u00bb tablet_bg_img_hidden=\u00bbno\u00bb woodmart_parallax=\u00bb0&#8243; woodmart_sticky_column=\u00bbfalse\u00bb parallax_scroll=\u00bbno\u00bb mobile_reset_margin=\u00bbno\u00bb tablet_reset_margin=\u00bbno\u00bb][vc_custom_heading text=\u00bbLa Historia de Cartonatges El Tigre\u00bb font_container=\u00bbtag:h4|font_size:28px|text_align:left|color:%23937c20|line_height:1.3&#8243; use_theme_fonts=\u00bbyes\u00bb][vc_column_text text_larger=\u00bbyes\u00bb]<\/p>\n<h3 style=\"font-weight: 400; color: #989898; margin-bottom: 28px;\">Los Or\u00edgenes<\/h3>\n<blockquote>\n<p style=\"text-align: left;\"><strong>El nombre de la empresa<\/strong> viene dado por la ubicaci\u00f3n que ten\u00eda el a\u00f1o de su fundaci\u00f3n, en 1949, la <strong>calle del Tigre<\/strong> de Vilanova i la Geltr\u00fa, junto al antiguo campo de f\u00fatbol.<\/p>\n<\/blockquote>\n<p>[\/vc_column_text][\/vc_column][\/vc_row][vc_row full_width=\u00bbstretch_row\u00bb content_placement=\u00bbtop\u00bb css=\u00bb.vc_custom_1591645949006{margin-bottom: 8vh !important;padding-top: 4vh !important;padding-bottom: 4vh !important;background-color: #f7f7f7 !important;}\u00bb mobile_bg_img_hidden=\u00bbno\u00bb tablet_bg_img_hidden=\u00bbno\u00bb woodmart_parallax=\u00bb0&#8243; woodmart_gradient_switch=\u00bbno\u00bb row_reverse_mobile=\u00bb0&#8243; row_reverse_tablet=\u00bb0&#8243; woodmart_disable_overflow=\u00bb0&#8243;][vc_column css=\u00bb.vc_custom_1499847548498{padding-top: 0px !important;}\u00bb offset=\u00bbvc_col-lg-8 vc_col-md-12&#8243;][vc_row_inner][vc_column_inner][vc_column_text text_larger=\u00bbyes\u00bb]Los principios fueron dif\u00edciles, con una producci\u00f3n y medios muy rudimentarios. Se fabricaban cajas de cart\u00f3n gris, forradas con diferentes papeles. Los destinatarios de estas cajas eran las industrias de calzado, g\u00e9neros de punto, perfumer\u00edas, Cementos Griffi, etc &#8230;, todas ellas ubicadas en el \u00e1mbito local o comarcal.<\/p>\n<p>A partir de los a\u00f1os 60 se produce el gran avance del <strong>cart\u00f3n ondulado<\/strong>. A partir de entonces se van dejando de lado las tradicionales cajas forradas, para ir entrando en un nuevo mercado, la fabricaci\u00f3n de embalajes de cart\u00f3n ondulado.<\/p>\n<p>Esto nos permiti\u00f3 salir del mercado local y comarcal, y poder llegar a diferentes empresas del estado Espa\u00f1ol, incluso llegamos a exportar cajas a pa\u00edses como Andorra y Portugal.<\/p>\n<p><strong>Aqu\u00ed es donde se produce el gran cambio<\/strong> en nuestra empresa, tanto en maquinaria como en instalaciones. Nos especializamos en cajas plegables e impresas. Los viejos locales de la calle del Tigre, se quedaron peque\u00f1os, dando el salto a los locales actuales, en el camino Capellans de Vilanova (junto a la Ronda Ib\u00e9rica), donde disponemos de 2000 m2 de naves y almac\u00e9n. Con estas instalaciones y maquinaria m\u00e1s moderna, sobre todo cuando hacemos referencia a las troqueladoras, podemos fabricar cualquier tipo y tama\u00f1o de caja o embalaje de cart\u00f3n ondulado.<\/p>\n<p>En cuanto a las troqueladoras, la superficie de troquelado va desde 800 \u00d7 600 mm. hasta los 2500 \u00d7 2500 mm., con estas medidas podemos cubrir todas las necesidades que nos exigen nuestros clientes.<\/p>\n<p>El complemento de todo esto, es la impresi\u00f3n, aqu\u00ed tambi\u00e9n se ha producido un salto espectacular en los \u00faltimos a\u00f1os. De las antiguas impresoras Tipogr\u00e1ficas, se ha pasado a las modernas m\u00e1quinas Flexo y en la calidad de la Serigraf\u00eda y de la Impresi\u00f3n Digital.<\/p>\n<p>Al incorporar la Impresi\u00f3n Digital a los procesos de fabricaci\u00f3n, la Empresa decidi\u00f3 incorporar una nueva secci\u00f3n, <strong>la Secci\u00f3n de Rotulaci\u00f3n<\/strong>, esto ocurri\u00f3 en el a\u00f1o 1995.<\/p>\n<p>La Evoluci\u00f3n durante estos a\u00f1os, en esta secci\u00f3n, ha sido tan grande, que la empresa ha ido invirtiendo en maquinaria y formaci\u00f3n, lo que nos permite en este momento, poder realizar gran cantidad de trabajos y dar servicios a muchas empresas y particulares de la comarca, en un campo, el de la Rotulaci\u00f3n y la Impresi\u00f3n Digital en constante evoluci\u00f3n.[\/vc_column_text][\/vc_column_inner][\/vc_row_inner][\/vc_column][vc_column css=\u00bb.vc_custom_1499847544092{padding-top: 0px !important;}\u00bb offset=\u00bbvc_col-lg-4 vc_col-md-12&#8243;][vc_single_image image=\u00bb6056&#8243; img_size=\u00bb800&#215;614&#8243; onclick=\u00bblink_image\u00bb parallax_scroll=\u00bbno\u00bb css=\u00bb.vc_custom_1591645857008{margin-bottom: 20px !important;}\u00bb][vc_single_image image=\u00bb6057&#8243; img_size=\u00bb919&#215;614&#8243; onclick=\u00bblink_image\u00bb parallax_scroll=\u00bbno\u00bb css=\u00bb.vc_custom_1591645863553{margin-bottom: 20px !important;}\u00bb][vc_video link=\u00bbhttps:\/\/www.youtube.com\/watch?v=-XtGSu3UQ7g\u00bb align=\u00bbcenter\u00bb image_poster_switch=\u00bbyes\u00bb css=\u00bb.vc_custom_1591645876274{margin-bottom: 0px !important;}\u00bb][\/vc_column][\/vc_row]<\/p>\n<\/div>","protected":false},"excerpt":{"rendered":"<p>[vc_row content_placement=\u00bbtop\u00bb css=\u00bb.vc_custom_1591645907534{margin-bottom: 20px !important;}\u00bb mobile_bg_img_hidden=\u00bbno\u00bb tablet_bg_img_hidden=\u00bbno\u00bb woodmart_parallax=\u00bb0&#8243; woodmart_gradient_switch=\u00bbno\u00bb row_reverse_mobile=\u00bb0&#8243; row_reverse_tablet=\u00bb0&#8243; woodmart_disable_overflow=\u00bb0&#8243;][vc_column css=\u00bb.vc_custom_1499847517868{margin-bottom: 30px !important;}\u00bb offset=\u00bbvc_col-lg-8 vc_col-md-12&#8243;][vc_video link=\u00bbhttps:\/\/www.youtube.com\/watch?v=&#8211;Bl0FcWRkE\u00bb align=\u00bbcenter\u00bb image_poster_switch=\u00bbyes\u00bb<\/p>\n","protected":false},"author":1,"featured_media":0,"parent":0,"menu_order":0,"comment_status":"closed","ping_status":"closed","template":"","meta":{"footnotes":""},"class_list":["post-6310","page","type-page","status-publish","hentry"],"_links":{"self":[{"href":"https:\/\/www.cartigre.com\/es\/wp-json\/wp\/v2\/pages\/6310","targetHints":{"allow":["GET"]}}],"collection":[{"href":"https:\/\/www.cartigre.com\/es\/wp-json\/wp\/v2\/pages"}],"about":[{"href":"https:\/\/www.cartigre.com\/es\/wp-json\/wp\/v2\/types\/page"}],"author":[{"embeddable":true,"href":"https:\/\/www.cartigre.com\/es\/wp-json\/wp\/v2\/users\/1"}],"replies":[{"embeddable":true,"href":"https:\/\/www.cartigre.com\/es\/wp-json\/wp\/v2\/comments?post=6310"}],"version-history":[{"count":6,"href":"https:\/\/www.cartigre.com\/es\/wp-json\/wp\/v2\/pages\/6310\/revisions"}],"predecessor-version":[{"id":6315,"href":"https:\/\/www.cartigre.com\/es\/wp-json\/wp\/v2\/pages\/6310\/revisions\/6315"}],"wp:attachment":[{"href":"https:\/\/www.cartigre.com\/es\/wp-json\/wp\/v2\/media?parent=6310"}],"curies":[{"name":"wp","href":"https:\/\/api.w.org\/{rel}","templated":true}]}}