{"id":6282,"date":"2020-07-12T08:54:31","date_gmt":"2020-07-12T06:54:31","guid":{"rendered":"https:\/\/www.cartigre.com\/botiga123\/?page_id=6282"},"modified":"2025-08-01T22:12:33","modified_gmt":"2025-08-01T20:12:33","slug":"carton-papel-y-plasticos","status":"publish","type":"page","link":"https:\/\/www.cartigre.com\/es\/carton-papel-y-plasticos\/","title":{"rendered":"Cart\u00f3n, Papel  Pl\u00e1sticos"},"content":{"rendered":"<div class=\"wpb-content-wrapper\"><p>[vc_row][vc_column width=\u00bb2\/5&#8243; mobile_bg_img_hidden=\u00bbno\u00bb tablet_bg_img_hidden=\u00bbno\u00bb woodmart_parallax=\u00bb0&#8243; woodmart_sticky_column=\u00bbfalse\u00bb parallax_scroll=\u00bbno\u00bb mobile_reset_margin=\u00bbno\u00bb tablet_reset_margin=\u00bbno\u00bb][vc_custom_heading text=\u00bbCart\u00f3n, Papel y Pl\u00e1sticos\u00bb font_container=\u00bbtag:h1|text_align:left\u00bb google_fonts=\u00bbfont_family:Arimo%3Aregular%2Citalic%2C700%2C700italic|font_style:700%20bold%20regular%3A700%3Anormal\u00bb][vc_column_text text_larger=\u00bbno\u00bb woodmart_inline=\u00bbno\u00bb]Disponemos de todo tipo de cart\u00f3n, en hojas o bobinas. Tenemos planchas de cart\u00f3n ondulado Microcanal, D3, D5 y DD, planchas de cart\u00f3n compacto con 4 espesores diferentes. Cart\u00f3n pluma y cart\u00f3n ondulado en bobinas de 90 cm de ancho y diferentes longitudes (2, 5, 10, 25, 50 y 100 metros). Papeles Kraft (papel de embalar) con bobinas de diferentes longitudes.[\/vc_column_text][vc_images_carousel images=\u00bb6093&#8243; img_size=\u00bbfull\u00bb onclick=\u00bblink_no\u00bb speed=\u00bb10000&#8243; autoplay=\u00bbyes\u00bb hide_pagination_control=\u00bbyes\u00bb hide_prev_next_buttons=\u00bbyes\u00bb][\/vc_column][vc_column width=\u00bb3\/5&#8243; mobile_bg_img_hidden=\u00bbno\u00bb tablet_bg_img_hidden=\u00bbno\u00bb woodmart_parallax=\u00bb0&#8243; woodmart_sticky_column=\u00bbfalse\u00bb parallax_scroll=\u00bbno\u00bb mobile_reset_margin=\u00bbno\u00bb tablet_reset_margin=\u00bbno\u00bb]\n\t\t<div id=\"wd-6123b0e0b792c\" class=\"title-wrapper wd-wpb wd-set-mb reset-last-child  wd-rs-6123b0e0b792c wd-title-color-default wd-title-style-default text-left vc_custom_1629729018533 wd-underline-colored\">\n\t\t\t\t\t\t\t\n\t\t\t\t<div class=\"title-subtitle  subtitle-color-default font-default subtitle-style-default wd-font-weight-700 wd-fontsize-xs\">Precios con I.V.A. Incluido<\/div>\n\t\t\t\n\t\t\t<div class=\"liner-continer\">\n\t\t\t\t<h4 class=\"woodmart-title-container title  wd-font-weight- wd-fontsize-xxl\" >Cartr\u00f3<\/h4>\n\t\t\t\t\t\t\t<\/div>\n\t\t\t\n\t\t\t\n\t\t\t\n\t\t<\/div>\n\t\t\n\t\t[vc_column_text css=\u00bb.vc_custom_1754079127141{margin-bottom: 20px !important;}\u00bb el_class=\u00bbtext-larger\u00bb text_larger=\u00bbno\u00bb woodmart_inline=\u00bbno\u00bb]<\/p>\n<table>\n<thead>\n<tr>\n<td style=\"text-align: left;\"><strong>Ref<\/strong><\/td>\n<td style=\"text-align: center;\"><strong>Descripci\u00f3n<\/strong><\/td>\n<td style=\"text-align: center;\"><strong>Precio Unidad<\/strong><\/td>\n<\/tr>\n<\/thead>\n<tbody>\n<tr>\n<td style=\"text-align: left;\">DD\/30<\/td>\n<td style=\"text-align: center;\">Hoja cart\u00f3n DD 137 x 87 cm. Marr\u00f3n 2 caras o blanca 1 cara<\/td>\n<td style=\"text-align: center;\">3,63 \u20ac<\/td>\n<\/tr>\n<tr>\n<td style=\"text-align: left;\">DD\/20<\/td>\n<td style=\"text-align: center;\">Hoja cart\u00f3n DD 98\u00d798 cm. Marr\u00f3n 2 caras<\/td>\n<td style=\"text-align: center;\">2,90 \u20ac<\/td>\n<\/tr>\n<tr>\n<td style=\"text-align: left;\">DD\/10<\/td>\n<td style=\"text-align: center;\">Hoja cart\u00f3n DD 150\u00d7150 cm. Marr\u00f3n 2 caras<\/td>\n<td style=\"text-align: center;\">6,60 \u20ac<\/td>\n<\/tr>\n<tr>\n<td style=\"text-align: left;\">D5\/10<\/td>\n<td style=\"text-align: center;\">Hoja cart\u00f3n D5 80\u00d7118 cm. Marr\u00f3n 2 caras<\/td>\n<td style=\"text-align: center;\">1,65 \u20ac<\/td>\n<\/tr>\n<tr>\n<td style=\"text-align: left;\">D5\/30<\/td>\n<td style=\"text-align: center;\">Hoja cart\u00f3n D5 107\u00d7172 cm<\/td>\n<td style=\"text-align: center;\">2,90 \u20ac<\/td>\n<\/tr>\n<tr>\n<td style=\"text-align: left;\">D3\/20<\/td>\n<td style=\"text-align: center;\">Hoja cart\u00f3n D3 50\u00d780 cm. Marr\u00f3n 2 caras<\/td>\n<td style=\"text-align: center;\">0,75 \u20ac<\/td>\n<\/tr>\n<tr>\n<td style=\"text-align: left;\">D3\/40<\/td>\n<td style=\"text-align: center;\">Hoja cart\u00f3n D3 81 x 79 cm. Marr\u00f3n 2 caras<\/td>\n<td style=\"text-align: center;\">1,10 \u20ac<\/td>\n<\/tr>\n<tr>\n<td style=\"text-align: left;\">D3\/50<\/td>\n<td style=\"text-align: center;\">Hoja cart\u00f3n D3 91\u00d790 cm. Marr\u00f3n 2 caras<\/td>\n<td style=\"text-align: center;\">1,40 \u20ac<\/td>\n<\/tr>\n<tr>\n<td style=\"text-align: left;\">D3\/60<\/td>\n<td style=\"text-align: center;\">Hoja cart\u00f3n D3 80\u00d778 cm Blanca 2 caras<\/td>\n<td style=\"text-align: center;\">1,31 \u20ac<\/td>\n<\/tr>\n<tr>\n<td style=\"text-align: left;\">CPL1<\/td>\n<td style=\"text-align: center;\">Plancha cart\u00f3n pluma 5 mm. de grueso 100\u00d770 cm<\/td>\n<td style=\"text-align: center;\">8,60 \u20ac<\/td>\n<\/tr>\n<tr>\n<td style=\"text-align: left;\">CPL2<\/td>\n<td style=\"text-align: center;\">Plancha cart\u00f3n pluma 5 mm. de grueso 140\u00d7100 cm<\/td>\n<td style=\"text-align: center;\">16,00 \u20ac<\/td>\n<\/tr>\n<tr>\n<td style=\"text-align: left;\">CPL3<\/td>\n<td style=\"text-align: center;\">Plancha cart\u00f3n pluma 10 mm de grueso 100\u00d770 cm<\/td>\n<td style=\"text-align: center;\">16,00 \u20ac<\/td>\n<\/tr>\n<tr>\n<td style=\"text-align: left;\">FCG2<\/td>\n<td style=\"text-align: center;\">Hoja cart\u00f3n gris n\u00ba 5\/5 105\u00d775<\/td>\n<td style=\"text-align: center;\">1,80 \u20ac<\/td>\n<\/tr>\n<tr>\n<td style=\"text-align: left;\">FCG4<\/td>\n<td style=\"text-align: center;\">Hoja cart\u00f3n gris blanca 1 cara 1,50 mm 105&#215;75<\/td>\n<td style=\"text-align: center;\">3,05 \u20ac<\/td>\n<\/tr>\n<tr>\n<td style=\"text-align: left;\">FCG5<\/td>\n<td style=\"text-align: center;\">Hoja cart\u00f3n gris blanca 1 cara 2,50 mm 105&#215;75<\/td>\n<td style=\"text-align: center;\">5,30 \u20ac<\/td>\n<\/tr>\n<\/tbody>\n<\/table>\n<p>[\/vc_column_text][\/vc_column][\/vc_row][vc_row][vc_column width=\u00bb2\/5&#8243; mobile_bg_img_hidden=\u00bbno\u00bb tablet_bg_img_hidden=\u00bbno\u00bb woodmart_parallax=\u00bb0&#8243; woodmart_sticky_column=\u00bbfalse\u00bb parallax_scroll=\u00bbno\u00bb mobile_reset_margin=\u00bbno\u00bb tablet_reset_margin=\u00bbno\u00bb][vc_images_carousel images=\u00bb6094&#8243; img_size=\u00bbfull\u00bb onclick=\u00bblink_no\u00bb speed=\u00bb10000&#8243; autoplay=\u00bbyes\u00bb hide_pagination_control=\u00bbyes\u00bb hide_prev_next_buttons=\u00bbyes\u00bb][\/vc_column][vc_column width=\u00bb3\/5&#8243; mobile_bg_img_hidden=\u00bbno\u00bb tablet_bg_img_hidden=\u00bbno\u00bb woodmart_parallax=\u00bb0&#8243; woodmart_sticky_column=\u00bbfalse\u00bb parallax_scroll=\u00bbno\u00bb mobile_reset_margin=\u00bbno\u00bb tablet_reset_margin=\u00bbno\u00bb]\n\t\t<div id=\"wd-6123b1942bece\" class=\"title-wrapper wd-wpb wd-set-mb reset-last-child  wd-rs-6123b1942bece wd-title-color-default wd-title-style-default text-left vc_custom_1629729181264 wd-underline-colored\">\n\t\t\t\t\t\t\t\n\t\t\t\t<div class=\"title-subtitle  subtitle-color-default font-default subtitle-style-default wd-font-weight-700 wd-fontsize-xs\">Precios con I.V.A. Incluido<\/div>\n\t\t\t\n\t\t\t<div class=\"liner-continer\">\n\t\t\t\t<h4 class=\"woodmart-title-container title  wd-font-weight- wd-fontsize-xxl\" >Cart\u00f3n \/ Papel<\/h4>\n\t\t\t\t\t\t\t<\/div>\n\t\t\t\n\t\t\t\n\t\t\t\n\t\t<\/div>\n\t\t\n\t\t[vc_column_text css=\u00bb.vc_custom_1736944195309{margin-bottom: 20px !important;}\u00bb el_class=\u00bbtext-larger\u00bb text_larger=\u00bbno\u00bb woodmart_inline=\u00bbno\u00bb]<\/p>\n<table>\n<thead>\n<tr>\n<td style=\"text-align: left;\"><strong>Ref<\/strong><\/td>\n<td style=\"text-align: center;\"><strong>Medidas<\/strong><\/td>\n<td style=\"text-align: center;\"><strong>2 mts<\/strong><\/td>\n<td style=\"text-align: center;\"><strong>5 mts<\/strong><\/td>\n<td style=\"text-align: center;\"><strong>10 mts<\/strong><\/td>\n<td style=\"text-align: center;\"><strong>25 mts<\/strong><\/td>\n<td style=\"text-align: center;\"><strong>50 mts<\/strong><\/td>\n<td style=\"text-align: center;\"><strong>Bobina<\/strong><\/td>\n<\/tr>\n<\/thead>\n<tbody>\n<tr>\n<td style=\"text-align: left;\">CO1<\/td>\n<td style=\"text-align: center;\">Cart\u00f2n ondulado ancho 90 cm (Bobinas de 100 m)<\/td>\n<td style=\"text-align: center;\">3,15\u20ac<\/td>\n<td style=\"text-align: center;\">6,10\u20ac<\/td>\n<td style=\"text-align: center;\">9,60\u20ac<\/td>\n<td style=\"text-align: center;\">26,62\u20ac<\/td>\n<td style=\"text-align: center;\">42,35\u20ac<\/td>\n<td style=\"text-align: center;\">72,60\u20ac<\/td>\n<\/tr>\n<tr>\n<td style=\"text-align: left;\">CO2<\/td>\n<td style=\"text-align: center;\">Cart\u00f3n ondulado ancho 120 cm (Bobinas de 100 m)<\/td>\n<td style=\"text-align: center;\">3,20\u20ac<\/td>\n<td style=\"text-align: center;\">6,35\u20ac<\/td>\n<td style=\"text-align: center;\">11,50\u20ac<\/td>\n<td style=\"text-align: center;\"><\/td>\n<td style=\"text-align: center;\"><\/td>\n<td style=\"text-align: center;\"><\/td>\n<\/tr>\n<tr>\n<td style=\"text-align: left;\">PP<\/td>\n<td style=\"text-align: center;\">Papel kraft y blanco 1 metro anchura<\/td>\n<td style=\"text-align: center;\">1,70\u20ac<\/td>\n<td style=\"text-align: center;\">3,50\u20ac<\/td>\n<td style=\"text-align: center;\">5,90\u20ac<\/td>\n<td style=\"text-align: center;\"><\/td>\n<td style=\"text-align: center;\"><\/td>\n<td style=\"text-align: center;\"><\/td>\n<\/tr>\n<\/tbody>\n<\/table>\n<p>[\/vc_column_text][\/vc_column][\/vc_row][vc_row][vc_column width=\u00bb2\/5&#8243; mobile_bg_img_hidden=\u00bbno\u00bb tablet_bg_img_hidden=\u00bbno\u00bb woodmart_parallax=\u00bb0&#8243; woodmart_sticky_column=\u00bbfalse\u00bb parallax_scroll=\u00bbno\u00bb mobile_reset_margin=\u00bbno\u00bb tablet_reset_margin=\u00bbno\u00bb][vc_images_carousel images=\u00bb6095&#8243; img_size=\u00bbfull\u00bb onclick=\u00bblink_no\u00bb speed=\u00bb10000&#8243; autoplay=\u00bbyes\u00bb hide_pagination_control=\u00bbyes\u00bb hide_prev_next_buttons=\u00bbyes\u00bb][\/vc_column][vc_column width=\u00bb3\/5&#8243; mobile_bg_img_hidden=\u00bbno\u00bb tablet_bg_img_hidden=\u00bbno\u00bb woodmart_parallax=\u00bb0&#8243; woodmart_sticky_column=\u00bbfalse\u00bb parallax_scroll=\u00bbno\u00bb mobile_reset_margin=\u00bbno\u00bb tablet_reset_margin=\u00bbno\u00bb]\n\t\t<div id=\"wd-6123b1e670e9e\" class=\"title-wrapper wd-wpb wd-set-mb reset-last-child  wd-rs-6123b1e670e9e wd-title-color-default wd-title-style-default text-left vc_custom_1629729265817 wd-underline-colored\">\n\t\t\t\t\t\t\t\n\t\t\t\t<div class=\"title-subtitle  subtitle-color-default font-default subtitle-style-default wd-font-weight-700 wd-fontsize-xs\">Precios con I.V.A. Incluido<\/div>\n\t\t\t\n\t\t\t<div class=\"liner-continer\">\n\t\t\t\t<h4 class=\"woodmart-title-container title  wd-font-weight- wd-fontsize-xxl\" >Pl\u00e1sticos<\/h4>\n\t\t\t\t\t\t\t<\/div>\n\t\t\t\n\t\t\t\n\t\t\t\n\t\t<\/div>\n\t\t\n\t\t[vc_column_text css=\u00bb.vc_custom_1666960099401{margin-bottom: 20px !important;}\u00bb el_class=\u00bbtext-larger\u00bb text_larger=\u00bbno\u00bb woodmart_inline=\u00bbno\u00bb]<\/p>\n<table>\n<thead>\n<tr>\n<td style=\"text-align: left;\"><strong>Ref<\/strong><\/td>\n<td style=\"text-align: center;\"><strong>Descripci\u00f3n<\/strong><\/td>\n<td style=\"text-align: center;\"><strong>2 mts<\/strong><\/td>\n<td style=\"text-align: center;\"><strong>5 mts<\/strong><\/td>\n<td style=\"text-align: center;\"><strong>10 mts<\/strong><\/td>\n<td style=\"text-align: center;\"><strong>Bobina<\/strong><\/td>\n<\/tr>\n<\/thead>\n<tbody>\n<tr>\n<td style=\"text-align: left;\">PB<\/td>\n<td style=\"text-align: center;\">Pl\u00e1stico burbujas ancho 120cm<\/td>\n<td style=\"text-align: center;\">3,20 \u20ac<\/td>\n<td style=\"text-align: center;\">6,60 \u20ac<\/td>\n<td style=\"text-align: center;\">10,70 \u20ac<\/td>\n<td style=\"text-align: center;\">87,00 \u20ac<\/td>\n<\/tr>\n<tr>\n<td style=\"text-align: left;\">PRC1<\/td>\n<td style=\"text-align: center;\">Precint marr\u00f3n gran 132 x 5 cm<\/td>\n<td style=\"text-align: center;\"><\/td>\n<td style=\"text-align: center;\"><\/td>\n<td style=\"text-align: center;\"><\/td>\n<td style=\"text-align: center;\">3,60 \u20ac<\/td>\n<\/tr>\n<tr>\n<td style=\"text-align: left;\">FL<\/td>\n<td style=\"text-align: center;\">Bobina de Film estirable<\/td>\n<td style=\"text-align: center;\"><\/td>\n<td style=\"text-align: center;\"><\/td>\n<td style=\"text-align: center;\"><\/td>\n<td style=\"text-align: center;\">12,90 \u20ac<\/td>\n<\/tr>\n<\/tbody>\n<\/table>\n<p>[\/vc_column_text][vc_column_text css=\u00bb.vc_custom_1666960115864{margin-bottom: 20px !important;}\u00bb el_class=\u00bbtext-larger\u00bb text_larger=\u00bbno\u00bb woodmart_inline=\u00bbno\u00bb]<\/p>\n<table>\n<thead>\n<tr>\n<td style=\"text-align: left;\"><strong>Ref<\/strong><\/td>\n<td style=\"text-align: center;\"><strong>Descripci\u00f3n<\/strong><\/td>\n<td style=\"text-align: center;\"><strong>Bolsa Peque\u00f1a<\/strong><\/td>\n<td style=\"text-align: center;\"><\/td>\n<td style=\"text-align: center;\"><\/td>\n<td style=\"text-align: center;\"><strong>Saco 0,5 m3<\/strong><\/td>\n<\/tr>\n<\/thead>\n<tbody>\n<tr>\n<td style=\"text-align: left;\">PLL<\/td>\n<td style=\"text-align: center;\">Pellets de poliestireno<\/td>\n<td style=\"text-align: center;\">3,60 \u20ac<\/td>\n<td style=\"text-align: center;\"><\/td>\n<td style=\"text-align: center;\"><\/td>\n<td style=\"text-align: center;\">73,80 \u20ac<\/td>\n<\/tr>\n<\/tbody>\n<\/table>\n<p>[\/vc_column_text][\/vc_column][\/vc_row][vc_row][vc_column][vc_column_text css_animation=\u00bbnone\u00bb css=\u00bb.vc_custom_1629728638391{border-top-width: 1px !important;border-right-width: 1px !important;border-bottom-width: 1px !important;border-left-width: 1px !important;padding-top: 18px !important;padding-right: 20px !important;padding-bottom: 20px !important;padding-left: 30px !important;background-color: #e6f0f1 !important;border-left-color: #dd901c !important;border-left-style: doble !important;border-right-color: #dd901c !important;border-right-style: doble !important;border-top-color: #dd901c !important;border-top-style: doble !important;border-bottom-color: #dd901c !important;border-bottom-style: doble !important;}\u00bb woodmart_color_scheme=\u00bbdark\u00bb text_larger=\u00bbyes\u00bb woodmart_inline=\u00bbno\u00bb]<\/p>\n<h5>Nota Importante:<\/h5>\n<p>El Cart\u00f3n, Papel y Pl\u00e1stico <strong>s\u00f3lo se pueden adquirir en alguno de nuestros centros de Vilanova i la Geltr\u00fa. No se pueden comprar por la tienda online.<\/strong> Para cualquier duda nos puede llamar al <strong>93 893 03 77 <\/strong>o al <strong>639 343 801<\/strong>\u00a0o enviarnos un correo electr\u00f3nico a <strong>info@cartigre.com<\/strong>.[\/vc_column_text][\/vc_column][\/vc_row]<\/p>\n<\/div>","protected":false},"excerpt":{"rendered":"<p>[vc_row][vc_column width=\u00bb2\/5&#8243; mobile_bg_img_hidden=\u00bbno\u00bb tablet_bg_img_hidden=\u00bbno\u00bb woodmart_parallax=\u00bb0&#8243; woodmart_sticky_column=\u00bbfalse\u00bb parallax_scroll=\u00bbno\u00bb mobile_reset_margin=\u00bbno\u00bb tablet_reset_margin=\u00bbno\u00bb][vc_custom_heading text=\u00bbCart\u00f3n, Papel y Pl\u00e1sticos\u00bb font_container=\u00bbtag:h1|text_align:left\u00bb google_fonts=\u00bbfont_family:Arimo%3Aregular%2Citalic%2C700%2C700italic|font_style:700%20bold%20regular%3A700%3Anormal\u00bb][vc_column_text text_larger=\u00bbno\u00bb woodmart_inline=\u00bbno\u00bb]Disponemos de todo tipo<\/p>\n","protected":false},"author":1,"featured_media":0,"parent":0,"menu_order":0,"comment_status":"closed","ping_status":"closed","template":"","meta":{"footnotes":""},"class_list":["post-6282","page","type-page","status-publish","hentry"],"_links":{"self":[{"href":"https:\/\/www.cartigre.com\/es\/wp-json\/wp\/v2\/pages\/6282","targetHints":{"allow":["GET"]}}],"collection":[{"href":"https:\/\/www.cartigre.com\/es\/wp-json\/wp\/v2\/pages"}],"about":[{"href":"https:\/\/www.cartigre.com\/es\/wp-json\/wp\/v2\/types\/page"}],"author":[{"embeddable":true,"href":"https:\/\/www.cartigre.com\/es\/wp-json\/wp\/v2\/users\/1"}],"replies":[{"embeddable":true,"href":"https:\/\/www.cartigre.com\/es\/wp-json\/wp\/v2\/comments?post=6282"}],"version-history":[{"count":26,"href":"https:\/\/www.cartigre.com\/es\/wp-json\/wp\/v2\/pages\/6282\/revisions"}],"predecessor-version":[{"id":8218,"href":"https:\/\/www.cartigre.com\/es\/wp-json\/wp\/v2\/pages\/6282\/revisions\/8218"}],"wp:attachment":[{"href":"https:\/\/www.cartigre.com\/es\/wp-json\/wp\/v2\/media?parent=6282"}],"curies":[{"name":"wp","href":"https:\/\/api.w.org\/{rel}","templated":true}]}}