{"id":6263,"date":"2020-07-11T22:39:20","date_gmt":"2020-07-11T20:39:20","guid":{"rendered":"https:\/\/www.cartigre.com\/botiga123\/?page_id=6263"},"modified":"2020-07-11T22:51:47","modified_gmt":"2020-07-11T20:51:47","slug":"caixes-amb-separadors","status":"publish","type":"page","link":"https:\/\/www.cartigre.com\/es\/caixes-amb-separadors\/","title":{"rendered":"Cajas con Separadores"},"content":{"rendered":"<div class=\"wpb-content-wrapper\"><p>[vc_row content_placement=\u00bbbottom\u00bb css=\u00bb.vc_custom_1594150662186{margin-bottom: 1vh !important;margin-left: 15px !important;padding-top: 4vh !important;background-image: url(https:\/\/www.cartigre.com\/wp-content\/uploads\/2020\/07\/header-caixa-amb-separadors-per-pistons-1.jpg?id=4982) !important;background-position: center !important;background-repeat: no-repeat !important;background-size: cover !important;}\u00bb mobile_bg_img_hidden=\u00bbno\u00bb tablet_bg_img_hidden=\u00bbno\u00bb woodmart_parallax=\u00bb0&#8243; woodmart_gradient_switch=\u00bbno\u00bb row_reverse_mobile=\u00bb0&#8243; row_reverse_tablet=\u00bb0&#8243; woodmart_disable_overflow=\u00bb0&#8243;][vc_column offset=\u00bbvc_col-lg-5 vc_col-md-6&#8243; mobile_bg_img_hidden=\u00bbno\u00bb tablet_bg_img_hidden=\u00bbno\u00bb woodmart_parallax=\u00bb0&#8243; woodmart_sticky_column=\u00bbfalse\u00bb parallax_scroll=\u00bbno\u00bb mobile_reset_margin=\u00bbno\u00bb tablet_reset_margin=\u00bbno\u00bb css=\u00bb.vc_custom_1594150929012{padding-top: 0px !important;padding-bottom: 4vh !important;}\u00bb]\n\t\t<div id=\"wd-5f0a25d01b711\" class=\"title-wrapper wd-wpb wd-set-mb reset-last-child  wd-rs-5f0a25d01b711 wd-title-color-white wd-title-style-image text-left vc_custom_1594500588995 wd-underline-colored\">\n\t\t\t\n\t\t\t<div class=\"liner-continer\">\n\t\t\t\t<h4 class=\"woodmart-title-container title  wd-font-weight- wd-fontsize-l\" >Cajas con Separadores<\/h4>\n\t\t\t\t\t\t\t<\/div>\n\t\t\t\n\t\t\t\t\t\t\t<div class=\"title-after_title reset-last-child  wd-fontsize-xs\">Especiales para la industria de la automoci\u00f3n, de componentes electr\u00f3nicos (conductivas). Impresi\u00f3n flexo, serigraf\u00eda. Nuestra experiencia, maquinaria y sistemas de fabricaci\u00f3n, nos permite fabricar gran variedad de cajas o piezas, con formatos y montajes muy complicados. Somos pioneros en la fabricaci\u00f3n de cajas de cart\u00f3n impresas con tinta negra conductiva, especiales para la industria de componentes electr\u00f3nicos.<\/div>\n\t\t\t\n\t\t\t\n\t\t<\/div>\n\t\t\n\t\t[\/vc_column][vc_column offset=\u00bbvc_col-lg-7 vc_col-md-6&#8243; mobile_bg_img_hidden=\u00bbno\u00bb tablet_bg_img_hidden=\u00bbno\u00bb woodmart_parallax=\u00bb0&#8243; woodmart_sticky_column=\u00bbfalse\u00bb parallax_scroll=\u00bbno\u00bb mobile_reset_margin=\u00bbno\u00bb tablet_reset_margin=\u00bbno\u00bb css=\u00bb.vc_custom_1594150911583{padding-top: 0px !important;}\u00bb]\t\t<div class=\"wd-spots wd-event-hover hotspot-icon-alt color-scheme-dark wd-hotspot-static \">\n\t\t\t<div class=\"wd-image-hotspot-hotspots\">\n\t\t\t\t<img loading=\"lazy\" decoding=\"async\" width=\"720\" height=\"435\" src=\"https:\/\/www.cartigre.com\/wp-content\/uploads\/2020\/07\/sopts-empty.png\" class=\"wd-image-hotspot-img\" alt=\"\" srcset=\"https:\/\/www.cartigre.com\/wp-content\/uploads\/2020\/07\/sopts-empty.png 720w, https:\/\/www.cartigre.com\/wp-content\/uploads\/2020\/07\/sopts-empty-150x91.png 150w, https:\/\/www.cartigre.com\/wp-content\/uploads\/2020\/07\/sopts-empty-300x181.png 300w\" sizes=\"auto, (max-width: 720px) 100vw, 720px\" \/><div class=\"wd-image-hotspot hotspot-type-text\" style=\"left: 53.474%; top: 28.500%;\"><span class=\"hotspot-sonar\"><\/span><div class=\"hotspot-btn wd-role-btn wd-fill\" tabindex=\"0\"><\/div><div class=\"hotspot-text hotspot-content hotspot-dropdown-top\"><h4 class=\"wd-entities-title\">Caixa Especial per Pistons<\/h4><div class=\"hotspot-content-text reset-last-child\"><\/p>\n<p style=\"text-align: left;\">Caja troquelada formada por dos partes, exterior automontable e interior troquelada con la forma especial para colocar pistones.<\/p>\n<p><\/div><\/div><\/div>\t\t\t<\/div>\n\t\t<\/div>\n\t\t[\/vc_column][\/vc_row][vc_row gap=\u00bb15&#8243; equal_height=\u00bbyes\u00bb mobile_bg_img_hidden=\u00bbno\u00bb tablet_bg_img_hidden=\u00bbno\u00bb woodmart_parallax=\u00bb0&#8243; woodmart_gradient_switch=\u00bbno\u00bb row_reverse_mobile=\u00bb0&#8243; row_reverse_tablet=\u00bb0&#8243; woodmart_disable_overflow=\u00bb0&#8243; css=\u00bb.vc_custom_1594149318942{margin-left: 8px !important;}\u00bb][vc_column width=\u00bb1\/2&#8243; woodmart_color_scheme=\u00bblight\u00bb css=\u00bb.vc_custom_1594148269347{padding-top: 0px !important;padding-right: 0px !important;padding-bottom: 40px !important;padding-left: 0px !important;background-color: #f9eee3 !important;background-position: center !important;background-repeat: no-repeat !important;background-size: cover !important;}\u00bb offset=\u00bbvc_col-md-6&#8243; mobile_bg_img_hidden=\u00bbno\u00bb tablet_bg_img_hidden=\u00bbno\u00bb woodmart_parallax=\u00bb0&#8243; woodmart_sticky_column=\u00bbfalse\u00bb parallax_scroll=\u00bbno\u00bb mobile_reset_margin=\u00bbno\u00bb tablet_reset_margin=\u00bbno\u00bb][vc_single_image image=\u00bb6103&#8243; img_size=\u00bbfull\u00bb css=\u00bb.vc_custom_1594154173581{padding-top: -40px !important;padding-right: -12% !important;padding-left: -12% !important;}\u00bb parallax_scroll=\u00bbno\u00bb]\t\t\t<div class=\"info-box-wrapper\">\n\t\t\t\t<div id=\"wd-5f0a24ef28e94\" class=\" wd-rs-5f0a24ef28e94 wd-info-box wd-wpb text-left box-icon-align-left box-style- color-scheme-dark wd-bg-none wd-items-top vc_custom_1594500361965\">\n\t\t\t\t\t\t\t\t\t\t\t<div class=\"box-icon-wrapper  box-with-text text-size-default box-icon-simple\">\n\t\t\t\t\t\t\t<div class=\"info-box-icon\">\n\t\t\t\t\t\t\t\t1.\t\t\t\t\t\t\t<\/div>\n\t\t\t\t\t\t<\/div>\n\t\t\t\t\t\t\t\t\t\t<div class=\"info-box-content\">\n\t\t\t\t\t\t<h4 class=\"info-box-title title box-title-style-default wd-fontsize-xl\">Cajas para Pistones<\/h4>\t\t\t\t\t\t<div class=\"info-box-inner reset-last-child\"><p>Plancha troquelada formada por dos partes contracoladas, inferior plancha lisa y superior plancha troquelada.<\/p>\n<\/div>\n\n\t\t\t\t\t\t\t\t\t\t\t<\/div>\n\n\t\t\t\t\t\n\t\t\t\t\t<style><\/style>\t\t\t\t<\/div>\n\t\t\t<\/div>\n\t\t[\/vc_column][vc_column width=\u00bb1\/2&#8243; woodmart_color_scheme=\u00bbdark\u00bb css=\u00bb.vc_custom_1594148557236{padding-top: 0px !important;padding-right: 0px !important;padding-bottom: 25px !important;padding-left: 0px !important;background-color: #fff6e8 !important;background-position: center !important;background-repeat: no-repeat !important;background-size: cover !important;}\u00bb offset=\u00bbvc_col-md-6&#8243; mobile_bg_img_hidden=\u00bbno\u00bb tablet_bg_img_hidden=\u00bbno\u00bb woodmart_parallax=\u00bb0&#8243; woodmart_sticky_column=\u00bbfalse\u00bb parallax_scroll=\u00bbno\u00bb mobile_reset_margin=\u00bbno\u00bb tablet_reset_margin=\u00bbno\u00bb][vc_single_image image=\u00bb6102&#8243; img_size=\u00bbfull\u00bb css=\u00bb.vc_custom_1594154137571{padding-top: -40px !important;padding-right: -12% !important;padding-left: -12% !important;}\u00bb parallax_scroll=\u00bbno\u00bb]\t\t\t<div class=\"info-box-wrapper\">\n\t\t\t\t<div id=\"wd-5f0a251204a31\" class=\" wd-rs-5f0a251204a31 wd-info-box wd-wpb text-left box-icon-align-left box-style- color-scheme-dark wd-bg-none wd-items-top vc_custom_1594500404668\">\n\t\t\t\t\t\t\t\t\t\t\t<div class=\"box-icon-wrapper  box-with-text text-size-default box-icon-simple\">\n\t\t\t\t\t\t\t<div class=\"info-box-icon\">\n\t\t\t\t\t\t\t\t2.\t\t\t\t\t\t\t<\/div>\n\t\t\t\t\t\t<\/div>\n\t\t\t\t\t\t\t\t\t\t<div class=\"info-box-content\">\n\t\t\t\t\t\t<h4 class=\"info-box-title title box-title-style-default wd-fontsize-s\">Cajas Especiales para complementos del Autom\u00f3vil<\/h4>\t\t\t\t\t\t<div class=\"info-box-inner reset-last-child\"><p>Caja troquelada formada por dos partes, exterior automontable e interior con separadores montados a mano.<\/p>\n<\/div>\n\n\t\t\t\t\t\t\t\t\t\t\t<\/div>\n\n\t\t\t\t\t\n\t\t\t\t\t<style><\/style>\t\t\t\t<\/div>\n\t\t\t<\/div>\n\t\t[\/vc_column][\/vc_row][vc_row gap=\u00bb15&#8243; equal_height=\u00bbyes\u00bb css=\u00bb.vc_custom_1594149325685{margin-left: 8px !important;}\u00bb mobile_bg_img_hidden=\u00bbno\u00bb tablet_bg_img_hidden=\u00bbno\u00bb woodmart_parallax=\u00bb0&#8243; woodmart_gradient_switch=\u00bbno\u00bb row_reverse_mobile=\u00bb0&#8243; row_reverse_tablet=\u00bb0&#8243; woodmart_disable_overflow=\u00bb0&#8243;][vc_column width=\u00bb1\/2&#8243; woodmart_color_scheme=\u00bblight\u00bb css=\u00bb.vc_custom_1594148269347{padding-top: 0px !important;padding-right: 0px !important;padding-bottom: 40px !important;padding-left: 0px !important;background-color: #f9eee3 !important;background-position: center !important;background-repeat: no-repeat !important;background-size: cover !important;}\u00bb offset=\u00bbvc_col-md-6&#8243; mobile_bg_img_hidden=\u00bbno\u00bb tablet_bg_img_hidden=\u00bbno\u00bb woodmart_parallax=\u00bb0&#8243; woodmart_sticky_column=\u00bbfalse\u00bb parallax_scroll=\u00bbno\u00bb mobile_reset_margin=\u00bbno\u00bb tablet_reset_margin=\u00bbno\u00bb][vc_single_image image=\u00bb6100&#8243; img_size=\u00bbfull\u00bb css=\u00bb.vc_custom_1594153263991{padding-top: -40px !important;padding-right: -12% !important;padding-left: -12% !important;}\u00bb parallax_scroll=\u00bbno\u00bb]\t\t\t<div class=\"info-box-wrapper\">\n\t\t\t\t<div id=\"wd-5f0a253bd29ae\" class=\" wd-rs-5f0a253bd29ae wd-info-box wd-wpb text-left box-icon-align-left box-style- color-scheme-dark wd-bg-none wd-items-top vc_custom_1594500440309\">\n\t\t\t\t\t\t\t\t\t\t\t<div class=\"box-icon-wrapper  box-with-text text-size-default box-icon-simple\">\n\t\t\t\t\t\t\t<div class=\"info-box-icon\">\n\t\t\t\t\t\t\t\t3.\t\t\t\t\t\t\t<\/div>\n\t\t\t\t\t\t<\/div>\n\t\t\t\t\t\t\t\t\t\t<div class=\"info-box-content\">\n\t\t\t\t\t\t<h4 class=\"info-box-title title box-title-style-default wd-fontsize-xl\">Cajas con Separadores<\/h4>\t\t\t\t\t\t<div class=\"info-box-inner reset-last-child\"><p>Caja especial para botellas de vino, formada por un embalaje y un separador interior montado a mano.<\/p>\n<\/div>\n\n\t\t\t\t\t\t\t\t\t\t\t<\/div>\n\n\t\t\t\t\t\n\t\t\t\t\t<style><\/style>\t\t\t\t<\/div>\n\t\t\t<\/div>\n\t\t[\/vc_column][vc_column width=\u00bb1\/2&#8243; woodmart_color_scheme=\u00bbdark\u00bb css=\u00bb.vc_custom_1594148806660{padding-top: 0px !important;padding-right: 0px !important;padding-bottom: 25px !important;padding-left: 0px !important;background-color: #fffde8 !important;background-position: center !important;background-repeat: no-repeat !important;background-size: cover !important;}\u00bb offset=\u00bbvc_col-md-6&#8243; mobile_bg_img_hidden=\u00bbno\u00bb tablet_bg_img_hidden=\u00bbno\u00bb woodmart_parallax=\u00bb0&#8243; woodmart_sticky_column=\u00bbfalse\u00bb parallax_scroll=\u00bbno\u00bb mobile_reset_margin=\u00bbno\u00bb tablet_reset_margin=\u00bbno\u00bb][vc_single_image image=\u00bb6101&#8243; img_size=\u00bbfull\u00bb css=\u00bb.vc_custom_1594153295340{padding-top: -40px !important;padding-right: -12% !important;padding-left: -12% !important;}\u00bb parallax_scroll=\u00bbno\u00bb]\t\t\t<div class=\"info-box-wrapper\">\n\t\t\t\t<div id=\"wd-5f0a25817d9b3\" class=\" wd-rs-5f0a25817d9b3 wd-info-box wd-wpb text-left box-icon-align-left box-style- color-scheme-dark wd-bg-none wd-items-top vc_custom_1594500505910\">\n\t\t\t\t\t\t\t\t\t\t\t<div class=\"box-icon-wrapper  box-with-text text-size-default box-icon-simple\">\n\t\t\t\t\t\t\t<div class=\"info-box-icon\">\n\t\t\t\t\t\t\t\t4.\t\t\t\t\t\t\t<\/div>\n\t\t\t\t\t\t<\/div>\n\t\t\t\t\t\t\t\t\t\t<div class=\"info-box-content\">\n\t\t\t\t\t\t<h4 class=\"info-box-title title box-title-style-default wd-fontsize-s\">Cajas Negras con Separadores<\/h4>\t\t\t\t\t\t<div class=\"info-box-inner reset-last-child\"><p>Caja especial impresa con tinta negra conductuva para componentes electr\u00f3nicos, formada por dos piezas. Exterior embalaje negro con serigraf\u00eda de la marca con amarillo. Interior un separador tambi\u00e9n negro troquelado y montado a mano.<\/p>\n<\/div>\n\n\t\t\t\t\t\t\t\t\t\t\t<\/div>\n\n\t\t\t\t\t\n\t\t\t\t\t<style><\/style>\t\t\t\t<\/div>\n\t\t\t<\/div>\n\t\t[\/vc_column][\/vc_row]<\/p>\n<\/div>","protected":false},"excerpt":{"rendered":"<p>[vc_row content_placement=\u00bbbottom\u00bb css=\u00bb.vc_custom_1594150662186{margin-bottom: 1vh !important;margin-left: 15px !important;padding-top: 4vh !important;background-image: url(https:\/\/www.cartigre.com\/wp-content\/uploads\/2020\/07\/header-caixa-amb-separadors-per-pistons-1.jpg?id=4982) !important;background-position: center !important;background-repeat: no-repeat !important;background-size: cover !important;}\u00bb mobile_bg_img_hidden=\u00bbno\u00bb tablet_bg_img_hidden=\u00bbno\u00bb woodmart_parallax=\u00bb0&#8243;<\/p>\n","protected":false},"author":1,"featured_media":0,"parent":0,"menu_order":0,"comment_status":"closed","ping_status":"closed","template":"","meta":{"footnotes":""},"class_list":["post-6263","page","type-page","status-publish","hentry"],"_links":{"self":[{"href":"https:\/\/www.cartigre.com\/es\/wp-json\/wp\/v2\/pages\/6263","targetHints":{"allow":["GET"]}}],"collection":[{"href":"https:\/\/www.cartigre.com\/es\/wp-json\/wp\/v2\/pages"}],"about":[{"href":"https:\/\/www.cartigre.com\/es\/wp-json\/wp\/v2\/types\/page"}],"author":[{"embeddable":true,"href":"https:\/\/www.cartigre.com\/es\/wp-json\/wp\/v2\/users\/1"}],"replies":[{"embeddable":true,"href":"https:\/\/www.cartigre.com\/es\/wp-json\/wp\/v2\/comments?post=6263"}],"version-history":[{"count":5,"href":"https:\/\/www.cartigre.com\/es\/wp-json\/wp\/v2\/pages\/6263\/revisions"}],"predecessor-version":[{"id":6269,"href":"https:\/\/www.cartigre.com\/es\/wp-json\/wp\/v2\/pages\/6263\/revisions\/6269"}],"wp:attachment":[{"href":"https:\/\/www.cartigre.com\/es\/wp-json\/wp\/v2\/media?parent=6263"}],"curies":[{"name":"wp","href":"https:\/\/api.w.org\/{rel}","templated":true}]}}