{"id":6259,"date":"2020-07-11T21:54:17","date_gmt":"2020-07-11T19:54:17","guid":{"rendered":"https:\/\/www.cartigre.com\/botiga123\/?page_id=6259"},"modified":"2020-08-13T08:42:38","modified_gmt":"2020-08-13T06:42:38","slug":"envios-y-devoluciones","status":"publish","type":"page","link":"https:\/\/www.cartigre.com\/es\/envios-y-devoluciones\/","title":{"rendered":"Envios y Devoluciones"},"content":{"rendered":"<div class=\"wpb-content-wrapper\"><p>[vc_row css=\u00bb.vc_custom_1528700414903{margin-right: 0px !important;margin-bottom: 25px !important;margin-left: 0px !important;border-top-width: 1px !important;border-right-width: 1px !important;border-bottom-width: 1px !important;border-left-width: 1px !important;padding-top: 30px !important;padding-right: 15px !important;padding-bottom: 30px !important;padding-left: 15px !important;background-color: #ffffff !important;border-left-color: #e7e7e7 !important;border-left-style: solid !important;border-right-color: #e7e7e7 !important;border-right-style: solid !important;border-top-color: #e7e7e7 !important;border-top-style: solid !important;border-bottom-color: #e7e7e7 !important;border-bottom-style: solid !important;}\u00bb][vc_column css=\u00bb.vc_custom_1527238251732{padding-top: 0px !important;}\u00bb]\t\t\t<div id=\"wd-5f34e0532d3c1\" class=\"wd-text-block-wrapper wd-wpb wd-rs-5f34e0532d3c1 color-scheme-dark text-left vc_custom_1597300832370\">\n\t\t\t\t<div class=\"woodmart-title-container woodmart-text-block reset-last-child font-primary wd-font-weight-600 \">\n\t\t\t\t\t<span class=\"color-primary\"><strong>1.<\/strong><\/span> ENVIOS Y TRANSPORTE\t\t\t\t<\/div>\n\n\t\t\t\t\t\t\t<\/div>\n\t\t[vc_column_text css=\u00bb.vc_custom_1597300843636{margin-bottom: 0px !important;}\u00bb el_class=\u00bbtext-larger\u00bb text_larger=\u00bbno\u00bb]El Coste del env\u00edo var\u00eda en funci\u00f3n del lugar de entrega, teniendo en cuenta que nuestros centros est\u00e1n situados en Vilanova y la Geltr\u00fa, y se calcula autom\u00e1ticamente seg\u00fan el volumen y el peso del pedido. No realizamos env\u00edos fuera de Espa\u00f1a.<\/p>\n<p>1. Plazos de Entrega<br \/>\nLos plazos de entrega pueden variar en funci\u00f3n del lugar de entrega del pedido y puede ir desde las 24 horas fin a las 96 horas.<\/p>\n<p>2. Recogida en Tienda<br \/>\nEl cliente tiene la posibilidad de recoger el pedido en uno de nuestros centros de Vilanova y la Geltr\u00fa y as\u00ed ahorrarse el coste del transporte.<\/p>\n<p>3. Env\u00edos Especiales<br \/>\nPara env\u00edos a las Islas Baleares, Islas Canarias, Ceuta y Melilla se debe solicitar presupuesto de transporte al mail info@cartigre.com, indicando los art\u00edculos y las cantidades deseadas para hacer un c\u00e1lculo del coste del env\u00edo.<\/p>\n<p>4. Transportista<br \/>\nUna vez enviado el pedido, le enviaremos un correo electr\u00f3nico que incluir\u00e1 el n\u00famero de expedici\u00f3n para el seguimiento del pedido desde la web del transportista.[\/vc_column_text][\/vc_column][\/vc_row][vc_row css=\u00bb.vc_custom_1528700414903{margin-right: 0px !important;margin-bottom: 25px !important;margin-left: 0px !important;border-top-width: 1px !important;border-right-width: 1px !important;border-bottom-width: 1px !important;border-left-width: 1px !important;padding-top: 30px !important;padding-right: 15px !important;padding-bottom: 30px !important;padding-left: 15px !important;background-color: #ffffff !important;border-left-color: #e7e7e7 !important;border-left-style: solid !important;border-right-color: #e7e7e7 !important;border-right-style: solid !important;border-top-color: #e7e7e7 !important;border-top-style: solid !important;border-bottom-color: #e7e7e7 !important;border-bottom-style: solid !important;}\u00bb][vc_column css=\u00bb.vc_custom_1527238251732{padding-top: 0px !important;}\u00bb]\t\t\t<div id=\"wd-5f34e0468c8a9\" class=\"wd-text-block-wrapper wd-wpb wd-rs-5f34e0468c8a9 color-scheme-dark text-left vc_custom_1597300807490\">\n\t\t\t\t<div class=\"woodmart-title-container woodmart-text-block reset-last-child font-primary wd-font-weight-600 \">\n\t\t\t\t\t<span class=\"color-primary\"><strong>2.<\/strong><\/span> POL\u00cdTICA DE DEVOLUCIONES\t\t\t\t<\/div>\n\n\t\t\t\t\t\t\t<\/div>\n\t\t[vc_column_text css=\u00bb.vc_custom_1594497603617{margin-bottom: 0px !important;}\u00bb el_class=\u00bbtext-larger\u00bb text_larger=\u00bbno\u00bb]Por ley <strong>dispone de 14 d\u00edas<\/strong> para ejercer el derecho a desistimiento y devoluci\u00f3n. Los gastos de la devoluci\u00f3n correr\u00e1n a cargo nuestra si nos hemos equivocado a la hora de enviar el producto o el producto es defectuoso. El cliente se har\u00e1 cargo de los gastos de devoluci\u00f3n en los otros casos, tanto el transporte de ida como el de vuelta, que lo podr\u00e1 hacer con nuestra agencia o por su cuenta.<\/p>\n<p>Por favor, cuando reciba el paquete <strong> compruebe que est\u00e1 en buen estado<\/strong>, si se aprecia alguna anomal\u00eda en la envoltura <strong>h\u00e1galo constar en el albar\u00e1n de entrega<\/strong> para poder reclamar a la agencia. En caso de que no sea apreciable <strong>dispone de 5 d\u00edas h\u00e1biles para comunicar<\/strong> la incidencia a <strong>info@cartigre.com<\/strong>, adjuntando fotos y descripci\u00f3n del observado lo m\u00e1s completas posibles. Para m\u00e1s informaci\u00f3n puede consultar en <a href=\"#\">termes i condicions.<\/a>[\/vc_column_text][\/vc_column][\/vc_row]<\/p>\n<\/div>","protected":false},"excerpt":{"rendered":"<p>[vc_row css=\u00bb.vc_custom_1528700414903{margin-right: 0px !important;margin-bottom: 25px !important;margin-left: 0px !important;border-top-width: 1px !important;border-right-width: 1px !important;border-bottom-width: 1px !important;border-left-width: 1px !important;padding-top: 30px !important;padding-right: 15px !important;padding-bottom:<\/p>\n","protected":false},"author":1,"featured_media":0,"parent":0,"menu_order":0,"comment_status":"closed","ping_status":"closed","template":"","meta":{"footnotes":""},"class_list":["post-6259","page","type-page","status-publish","hentry"],"_links":{"self":[{"href":"https:\/\/www.cartigre.com\/es\/wp-json\/wp\/v2\/pages\/6259","targetHints":{"allow":["GET"]}}],"collection":[{"href":"https:\/\/www.cartigre.com\/es\/wp-json\/wp\/v2\/pages"}],"about":[{"href":"https:\/\/www.cartigre.com\/es\/wp-json\/wp\/v2\/types\/page"}],"author":[{"embeddable":true,"href":"https:\/\/www.cartigre.com\/es\/wp-json\/wp\/v2\/users\/1"}],"replies":[{"embeddable":true,"href":"https:\/\/www.cartigre.com\/es\/wp-json\/wp\/v2\/comments?post=6259"}],"version-history":[{"count":6,"href":"https:\/\/www.cartigre.com\/es\/wp-json\/wp\/v2\/pages\/6259\/revisions"}],"predecessor-version":[{"id":6650,"href":"https:\/\/www.cartigre.com\/es\/wp-json\/wp\/v2\/pages\/6259\/revisions\/6650"}],"wp:attachment":[{"href":"https:\/\/www.cartigre.com\/es\/wp-json\/wp\/v2\/media?parent=6259"}],"curies":[{"name":"wp","href":"https:\/\/api.w.org\/{rel}","templated":true}]}}