{"id":6238,"date":"2020-07-11T14:25:20","date_gmt":"2020-07-11T12:25:20","guid":{"rendered":"https:\/\/www.cartigre.com\/botiga123\/?page_id=6238"},"modified":"2020-07-11T20:14:31","modified_gmt":"2020-07-11T18:14:31","slug":"aviso-legal","status":"publish","type":"page","link":"https:\/\/www.cartigre.com\/es\/aviso-legal\/","title":{"rendered":"Aviso Legal"},"content":{"rendered":"<div class=\"wpb-content-wrapper\"><p>[vc_row css=\u00bb.vc_custom_1528700414903{margin-right: 0px !important;margin-bottom: 25px !important;margin-left: 0px !important;border-top-width: 1px !important;border-right-width: 1px !important;border-bottom-width: 1px !important;border-left-width: 1px !important;padding-top: 30px !important;padding-right: 15px !important;padding-bottom: 30px !important;padding-left: 15px !important;background-color: #ffffff !important;border-left-color: #e7e7e7 !important;border-left-style: solid !important;border-right-color: #e7e7e7 !important;border-right-style: solid !important;border-top-color: #e7e7e7 !important;border-top-style: solid !important;border-bottom-color: #e7e7e7 !important;border-bottom-style: solid !important;}\u00bb][vc_column css=\u00bb.vc_custom_1527238251732{padding-top: 0px !important;}\u00bb]\t\t\t<div id=\"wd-5f09fa9264ce6\" class=\"wd-text-block-wrapper wd-wpb wd-rs-5f09fa9264ce6 color-scheme-dark text-left vc_custom_1594489502868\">\n\t\t\t\t<div class=\"woodmart-title-container woodmart-text-block reset-last-child font-primary wd-font-weight-600 \">\n\t\t\t\t\t<span class=\"color-primary\"><strong>1.<\/strong><\/span> OBJETO Y ACEPTACI\u00d3N\t\t\t\t<\/div>\n\n\t\t\t\t\t\t\t<\/div>\n\t\t[vc_column_text css=\u00bb.vc_custom_1594489847678{margin-bottom: 0px !important;}\u00bb el_class=\u00bbtext-larger\u00bb text_larger=\u00bbno\u00bb]El presente aviso legal regula el uso de nuestro sitio web, del que es titular <strong>CARTONATGES EL TIGRE, S.C.C.L.<\/strong>. La navegaci\u00f3n por el sitio web de <strong>CARTONATGES EL TIGRE, S.C.C.L<\/strong>. atribuye la condici\u00f3n de usuario del mismo e implica la aceptaci\u00f3n plena y sin reservas de todas y cada una de las disposiciones incluidas en este Aviso Legal, que pueden sufrir modificaciones. Usted se obliga a hacer un uso correcto de la p\u00e1gina web de conformidad con las leyes, la buena fe, el orden p\u00fablico, los usos del tr\u00e1fico y el presente <strong>Av\u00edso Legal<\/strong>. El usted responder\u00e1 frente a <strong>CARTONATGES EL TIGRE, S.C.C.L<\/strong>. o frente a terceros, de cualesquiera da\u00f1os y perjuicios que pudieran causarle como consecuencia del incumplimiento de dicha obligaci\u00f3n.[\/vc_column_text][\/vc_column][\/vc_row][vc_row css=\u00bb.vc_custom_1528700432537{margin-right: 0px !important;margin-bottom: 25px !important;margin-left: 0px !important;border-top-width: 1px !important;border-right-width: 1px !important;border-bottom-width: 1px !important;border-left-width: 1px !important;padding-top: 30px !important;padding-right: 15px !important;padding-bottom: 30px !important;padding-left: 15px !important;background-color: #ffffff !important;border-left-color: #e7e7e7 !important;border-left-style: solid !important;border-right-color: #e7e7e7 !important;border-right-style: solid !important;border-top-color: #e7e7e7 !important;border-top-style: solid !important;border-bottom-color: #e7e7e7 !important;border-bottom-style: solid !important;}\u00bb][vc_column css=\u00bb.vc_custom_1527238251732{padding-top: 0px !important;}\u00bb]\t\t\t<div id=\"wd-5f09fbff40950\" class=\"wd-text-block-wrapper wd-wpb wd-rs-5f09fbff40950 color-scheme-dark text-left vc_custom_1594489869506\">\n\t\t\t\t<div class=\"woodmart-title-container woodmart-text-block reset-last-child font-primary wd-font-weight-600 \">\n\t\t\t\t\t<span class=\"color-primary\"><strong>2.<\/strong><\/span> IDENTIFICACI\u00d3N Y COMUNICACIONES\t\t\t\t<\/div>\n\n\t\t\t\t\t\t\t<\/div>\n\t\t[vc_column_text css=\u00bb.vc_custom_1594490020041{margin-bottom: 0px !important;}\u00bb text_larger=\u00bbno\u00bb]<strong>CARTONATGES EL TIGRE, S.C.C.L.<\/strong>, en cumplimiento de la Ley 34\/2002, de 11 de julio, de servicios de la sociedad de la informaci\u00f3n y de comercio electr\u00f3nico, le informa de que:<\/p>\n<ul>\n<li>\u00a0o Su denominaci\u00f3n social es: <strong>CARTONATGES EL TIGRE, S.C.C.L.<\/strong><\/li>\n<li>\u00a0Su CIF es: <strong>F58175522<\/strong><\/li>\n<li>\u00a0o Su domicilio social est\u00e1 en: <strong>CAM\u00cd CAPELLANS, S\/N &#8211; (08800) VILANOVA I LA GELTRU<\/strong><\/li>\n<\/ul>\n<p>Para comunicarse con nosotros, ponemos a su disposici\u00f3n diferentes medios de contacto especificados en la <strong>pol\u00edtica de privacitat<\/strong>.<br \/>\nTodas las notificaciones y comunicaciones que realice con <strong>CARTONATGES EL TIGRE, S.C.C.L<\/strong>. se considerar\u00e1n eficaces, a todos los efectos, siempre y cuando se realicen por los medios especificados anteriormente.[\/vc_column_text][\/vc_column][\/vc_row][vc_row css=\u00bb.vc_custom_1528700436855{margin-right: 0px !important;margin-bottom: 25px !important;margin-left: 0px !important;border-top-width: 1px !important;border-right-width: 1px !important;border-bottom-width: 1px !important;border-left-width: 1px !important;padding-top: 30px !important;padding-right: 15px !important;padding-bottom: 30px !important;padding-left: 15px !important;background-color: #ffffff !important;border-left-color: #e7e7e7 !important;border-left-style: solid !important;border-right-color: #e7e7e7 !important;border-right-style: solid !important;border-top-color: #e7e7e7 !important;border-top-style: solid !important;border-bottom-color: #e7e7e7 !important;border-bottom-style: solid !important;}\u00bb][vc_column css=\u00bb.vc_custom_1527238251732{padding-top: 0px !important;}\u00bb]\t\t\t<div id=\"wd-5f09fcad64082\" class=\"wd-text-block-wrapper wd-wpb wd-rs-5f09fcad64082 color-scheme-dark text-left vc_custom_1594490045042\">\n\t\t\t\t<div class=\"woodmart-title-container woodmart-text-block reset-last-child font-primary wd-font-weight-600 \">\n\t\t\t\t\t<span class=\"color-primary\"><strong>3.<\/strong><\/span> CONDICIONES DE ACCESO Y UTILIZACI\u00d3N\t\t\t\t<\/div>\n\n\t\t\t\t\t\t\t<\/div>\n\t\t[vc_column_text css=\u00bb.vc_custom_1594490895303{margin-bottom: 0px !important;}\u00bb el_class=\u00bbtext-larger\u00bb text_larger=\u00bbno\u00bb]El sitio web y sus servicios son de acceso libre, no obstante, <strong>CARTONAJES EL TIGRE, S.C.C.L<\/strong>. condiciona la utilizaci\u00f3n de algunos de los servicios ofrecidos en su web a la previa cumplimentaci\u00f3n del correspondiente formulario.<br \/>\nUsted garantiza la autenticidad y actualidad de todos aquellos datos que comunique a <strong>CARTONATGES EL TIGRE, S.C.C.L<\/strong>. y ser\u00e1 el \u00fanico responsable de las manifestaciones falsas o inexactas que realice.<br \/>\nUsted se compromete expresamente a hacer un uso adecuado de los contenidos y servicios de <strong>CARTONATGES EL TIGRE, S.C.C.L<\/strong>. y a no emplearlos para, entre otros:<\/p>\n<ul>\n<li>Difundir contenidos, delictivos, violentos, pornogr\u00e1ficos, racistas, xen\u00f3fobo, ofensivos, de apolog\u00eda del terrorismo o, en general, contrarios a la ley o al orden p\u00fablico.<\/li>\n<li>Introducir en la red virus inform\u00e1ticos o realizar actuaciones susceptibles de alterar, estropear, interrumpir o generar errores o da\u00f1os en los documentos electr\u00f3nicos, datos o sistemas f\u00edsicos y l\u00f3gicos de <strong>CARTONATGES EL TIGRE, S.C.C.L.<\/strong> o de terceras personas; as\u00ed como obstaculizar el acceso de otros usuarios al sitio web y a sus servicios mediante el consumo masivo de los recursos inform\u00e1ticos a trav\u00e9s de los cuales <strong>CARTONATGES EL TIGRE, S.C.C.L<\/strong>. presta sus servicios.<\/li>\n<li>Intentar acceder a datos de otros personas o a \u00e1reas restringidas de los sistemas inform\u00e1ticos de <strong>CARTONATGES EL TIGRE, S.C.C.L.<\/strong> o de terceros y, en su caso, extraer informaci\u00f3n.<\/li>\n<li>Vulnerar los derechos de propiedad intelectual o industrial, as\u00ed como violar la confidencialidad de la informaci\u00f3n de <strong>CARTONAJES EL TIGRE, S.C.C.L.<\/strong> o de terceros.<\/li>\n<li>Suplantar la identidad de otro usuario, de las administraciones p\u00fablicas o de un tercero.<\/li>\n<li>Reproducir, copiar, distribuir, poner a disposici\u00f3n o de cualquier otra forma comunicar p\u00fablicamente, transformar o modificar los contenidos, a menos que se cuente con la autorizaci\u00f3n del titular de los correspondientes derechos o ello resulte legalmente permitido.<\/li>\n<li>Recabar datos con finalidad publicitaria y de remitir publicidad de cualquier clase y comunicaciones con fines de venta u otras de naturaleza comercial sin que medie su previa solicitud o consentimiento.<\/li>\n<\/ul>\n<p>Todos los contenidos del sitio web, como textos, fotograf\u00edas, gr\u00e1ficos, im\u00e1genes, iconos, tecnolog\u00eda, software, as\u00ed como su dise\u00f1o gr\u00e1fico y c\u00f3digos fuente, constituyen una obra cuya propiedad pertenece a <strong>CARTONATGES EL TIGRE, SCCL<\/strong>, sin que puedan entenderse como cedidos ninguno de los derechos de explotaci\u00f3n sobre los mismos m\u00e1s all\u00e1 de lo estrictamente necesario para el correcto uso de la web.<\/p>\n<p>En definitiva, usted que accede a este sitio web, puede visualizar los contenidos y efectuar, en su caso, copias privadas autorizadas siempre que los elementos reproducidos no sean cedidos posteriormente a terceros, ni se instalen a servidores conectados a redes, ni sean objeto de ning\u00fan tipo de explotaci\u00f3n.<\/p>\n<p>Asimismo, todas las marcas, nombres comerciales o signos distintivos de cualquier clase que aparecen en el sitio web son propiedad de <strong>CARTONATGES EL TIGRE, S.C.C.L.<\/strong>, sin que pueda entenderse que el uso o acceso al mismo le atribuya derecho alguno sobre los mismos.<\/p>\n<p>La distribuci\u00f3n, modificaci\u00f3n, cesi\u00f3n o comunicaci\u00f3n p\u00fablica de los contenidos y cualquier otro acto que no haya sido expresamente autorizado por el titular de los derechos de explotaci\u00f3n quedan prohibidos.<\/p>\n<p>El establecimiento de un hiperenlace no implica en ning\u00fan caso la existencia de relaciones entre <strong>CARTONATGES EL TIGRE, S.C.C.L.<\/strong> y el propietario del sitio web en la que se establezca, ni la aceptaci\u00f3n y aprobaci\u00f3n por parte de <strong>CARTONATGES EL TIGRE, S.C.C.L.<\/strong> de sus contenidos o servicios. Aquellas personas que se propongan establecer un hiperenlace previamente deber\u00e1n solicitar autorizaci\u00f3n por escrito a <strong>CARTONATGES EL TIGRE, SCCL<\/strong>. En todo caso, el hiperenlace \u00fanicamente permitir\u00e1 el acceso a la home-page o p\u00e1gina de inicio de nuestro sitio web, asimismo deber\u00e1 abstenerse de realizar manifestaciones o indicaciones falsas, inexactas o incorrectas sobre <strong>CARTONATGES eL TIGRE, SCCL<\/strong>, o incluir contenidos il\u00edcitos, contrarios a las buenas costumbres y al orden p\u00fablico.<\/p>\n<p><strong>CARTONATGES EL TIGRE, S.C.C.L<\/strong>. no se responsabiliza del uso que cada usuario le d\u00e9 a los materiales puestos a disposici\u00f3n en este sitio web ni de las actuaciones que realice en base a los mismos.[\/vc_column_text][\/vc_column][\/vc_row][vc_row css=\u00bb.vc_custom_1528700440423{margin-right: 0px !important;margin-bottom: 25px !important;margin-left: 0px !important;border-top-width: 1px !important;border-right-width: 1px !important;border-bottom-width: 1px !important;border-left-width: 1px !important;padding-top: 30px !important;padding-right: 15px !important;padding-bottom: 30px !important;padding-left: 15px !important;background-color: #ffffff !important;border-left-color: #e7e7e7 !important;border-left-style: solid !important;border-right-color: #e7e7e7 !important;border-right-style: solid !important;border-top-color: #e7e7e7 !important;border-top-style: solid !important;border-bottom-color: #e7e7e7 !important;border-bottom-style: solid !important;}\u00bb][vc_column css=\u00bb.vc_custom_1527238251732{padding-top: 0px !important;}\u00bb]\t\t\t<div id=\"wd-5f0a00175b6d3\" class=\"wd-text-block-wrapper wd-wpb wd-rs-5f0a00175b6d3 color-scheme-dark text-left vc_custom_1594490932580\">\n\t\t\t\t<div class=\"woodmart-title-container woodmart-text-block reset-last-child font-primary wd-font-weight-600 \">\n\t\t\t\t\t<span class=\"color-primary\"><strong>4.<\/strong><\/span> EXCLUSI\u00d3N DE GARANT\u00cdAS Y RESPONSABILIDADES\t\t\t\t<\/div>\n\n\t\t\t\t\t\t\t<\/div>\n\t\t[vc_column_text css=\u00bb.vc_custom_1594491123860{margin-bottom: 0px !important;}\u00bb el_class=\u00bbtext-larger\u00bb text_larger=\u00bbno\u00bb]<strong>CARTONATGES EL TIGRE, S.C.C.L.<\/strong> excluye, hasta donde permite el ordenamiento jur\u00eddico, cualquier responsabilidad por los da\u00f1os y perjuicios de toda naturaleza derivados de:<\/p>\n<ul>\n<li>La imposibilidad de acceso al sitio web o la falta de veracidad, exactitud, exhaustividad y\/o actualidad de los contenidos, as\u00ed como la existencia de vicios y defectos de toda clase de los contenidos transmitidos, difundidos, almacenados, puestos a disposici\u00f3n a los que se haya accedido a trav\u00e9s del sitio web o de los servicios que se ofrecen.<\/li>\n<li>La presencia de virus o de otros elementos en los contenidos que puedan producir alteraciones en los sistemas inform\u00e1ticos, documentos electr\u00f3nicos o datos de los usuarios.<\/li>\n<li>o El incumplimiento de las leyes, la buena fe, el orden p\u00fablico, los usos del tr\u00e1fico y el presente aviso legal como consecuencia del uso incorrecto del sitio web. En particular, y a modo ejemplificativo, <strong>CARTONATGES EL TIGRE, S.C.C.L. <\/strong>no se hace responsable de las actuaciones de terceros que vulneren derechos de propiedad intelectual e industrial, secretos empresariales, derechos al honor, a la intimidad personal y familiar y a la propia imagen, as\u00ed como la normativa en materia de competencia desleal y publicidad il\u00edcita.<\/li>\n<\/ul>\n<p>Asimismo, <strong>CARTONATGES EL TIGRE, S.C.C.L.<\/strong> declina cualquier responsabilidad respecto a la informaci\u00f3n que se halle fuera de esta web y no sea gestionada directamente por nuestro webmaster. La funci\u00f3n de los links que aparecen en esta web es exclusivamente la de informar al usuario sobre la existencia de otras fuentes susceptibles de ampliar los contenidos que ofrece este sitio web. <strong>CARTONATGES EL TIGRE, S.C.C.L.<\/strong> no garantiza ni se responsabiliza del funcionamiento o accesibilidad de los sitios enlazados; ni sugiere, invita o recomienda la visita a los mismos, por lo que tampoco ser\u00e1 responsable del resultado obtenido. <strong>CARTONATGES EL TIGRE, S.C.C.L.<\/strong> no se responsabiliza del establecimiento de hiperv\u00ednculos por parte de terceros.[\/vc_column_text][\/vc_column][\/vc_row][vc_row css=\u00bb.vc_custom_1528700444689{margin-right: 0px !important;margin-bottom: 25px !important;margin-left: 0px !important;border-top-width: 1px !important;border-right-width: 1px !important;border-bottom-width: 1px !important;border-left-width: 1px !important;padding-top: 30px !important;padding-right: 15px !important;padding-bottom: 30px !important;padding-left: 15px !important;background-color: #ffffff !important;border-left-color: #e7e7e7 !important;border-left-style: solid !important;border-right-color: #e7e7e7 !important;border-right-style: solid !important;border-top-color: #e7e7e7 !important;border-top-style: solid !important;border-bottom-color: #e7e7e7 !important;border-bottom-style: solid !important;}\u00bb][vc_column css=\u00bb.vc_custom_1527238251732{padding-top: 0px !important;}\u00bb]\t\t\t<div id=\"wd-5f0a00fd187b9\" class=\"wd-text-block-wrapper wd-wpb wd-rs-5f0a00fd187b9 color-scheme-dark text-left vc_custom_1594491155176\">\n\t\t\t\t<div class=\"woodmart-title-container woodmart-text-block reset-last-child font-primary wd-font-weight-600 \">\n\t\t\t\t\t<span class=\"color-primary\"><strong>5.<\/strong><\/span> PROCEDIMIENTOS EN CASO DE LA REALIZACI\u00d3N DE ACTIVIDADES DE CAR\u00c1CTER IL\u00cdCITO\t\t\t\t<\/div>\n\n\t\t\t\t\t\t\t<\/div>\n\t\t[vc_column_text css=\u00bb.vc_custom_1594491225170{margin-bottom: 0px !important;}\u00bb el_class=\u00bbtext-larger\u00bb text_larger=\u00bbno\u00bb]En el caso de que usted o un tercero considere que existen hechos o circunstancias que revelen el car\u00e1cter il\u00edcito de la utilizaci\u00f3n de cualquier contenido y\/o de la realizaci\u00f3n de cualquier actividad en las p\u00e1ginas web incluidas o accesibles a trav\u00e9s del sitio web, deber\u00e1 ponerse en contacto con <strong>CARTONATGES EL TIGRE, SCCL<\/strong> identific\u00e1ndose debidamente, especificando las supuestas infracciones y declarando expresamente y bajo su responsabilidad que la informaci\u00f3n proporcionada en la notificaci\u00f3n es exacta.<\/p>\n<p>Para toda cuesti\u00f3n litigiosa que incumba al sitio web de <strong>CARTONATGES EL TIGRE, S.C.C.L.<\/strong>, ser\u00e1 de aplicaci\u00f3n la legislaci\u00f3n espa\u00f1ola, siendo competentes los Juzgados y Tribunales m\u00e1s cercanos a la sede de (Espa\u00f1a).[\/vc_column_text][\/vc_column][\/vc_row][vc_row css=\u00bb.vc_custom_1528700448393{margin-right: 0px !important;margin-bottom: 25px !important;margin-left: 0px !important;border-top-width: 1px !important;border-right-width: 1px !important;border-bottom-width: 1px !important;border-left-width: 1px !important;padding-top: 30px !important;padding-right: 15px !important;padding-bottom: 30px !important;padding-left: 15px !important;background-color: #ffffff !important;border-left-color: #e7e7e7 !important;border-left-style: solid !important;border-right-color: #e7e7e7 !important;border-right-style: solid !important;border-top-color: #e7e7e7 !important;border-top-style: solid !important;border-bottom-color: #e7e7e7 !important;border-bottom-style: solid !important;}\u00bb][vc_column css=\u00bb.vc_custom_1527238251732{padding-top: 0px !important;}\u00bb]\t\t\t<div id=\"wd-5f0a016b94dac\" class=\"wd-text-block-wrapper wd-wpb wd-rs-5f0a016b94dac color-scheme-dark text-left vc_custom_1594491246136\">\n\t\t\t\t<div class=\"woodmart-title-container woodmart-text-block reset-last-child font-primary wd-font-weight-600 \">\n\t\t\t\t\t<span class=\"color-primary\"><strong>6.<\/strong><\/span> PUBLICACIONES\t\t\t\t<\/div>\n\n\t\t\t\t\t\t\t<\/div>\n\t\t[vc_column_text css=\u00bb.vc_custom_1594491262285{margin-bottom: 0px !important;}\u00bb el_class=\u00bbtext-larger\u00bb text_larger=\u00bbno\u00bb]La informaci\u00f3n administrativa facilitada a trav\u00e9s del sitio web no sustituye la publicidad legal de las leyes, normativas, planes, disposiciones generales y actos que tengan que ser publicados formalmente a los diarios oficiales de las administraciones p\u00fablicas, que constituyen el \u00fanico instrumento que da fe de su autenticidad y contenido. La informaci\u00f3n disponible en este sitio web debe entenderse como una gu\u00eda sin prop\u00f3sito de validez legal.[\/vc_column_text][\/vc_column][\/vc_row]<\/p>\n<\/div>","protected":false},"excerpt":{"rendered":"<p>[vc_row css=\u00bb.vc_custom_1528700414903{margin-right: 0px !important;margin-bottom: 25px !important;margin-left: 0px !important;border-top-width: 1px !important;border-right-width: 1px !important;border-bottom-width: 1px !important;border-left-width: 1px !important;padding-top: 30px !important;padding-right: 15px !important;padding-bottom:<\/p>\n","protected":false},"author":1,"featured_media":0,"parent":0,"menu_order":0,"comment_status":"closed","ping_status":"closed","template":"","meta":{"footnotes":""},"class_list":["post-6238","page","type-page","status-publish","hentry"],"_links":{"self":[{"href":"https:\/\/www.cartigre.com\/es\/wp-json\/wp\/v2\/pages\/6238","targetHints":{"allow":["GET"]}}],"collection":[{"href":"https:\/\/www.cartigre.com\/es\/wp-json\/wp\/v2\/pages"}],"about":[{"href":"https:\/\/www.cartigre.com\/es\/wp-json\/wp\/v2\/types\/page"}],"author":[{"embeddable":true,"href":"https:\/\/www.cartigre.com\/es\/wp-json\/wp\/v2\/users\/1"}],"replies":[{"embeddable":true,"href":"https:\/\/www.cartigre.com\/es\/wp-json\/wp\/v2\/comments?post=6238"}],"version-history":[{"count":4,"href":"https:\/\/www.cartigre.com\/es\/wp-json\/wp\/v2\/pages\/6238\/revisions"}],"predecessor-version":[{"id":6244,"href":"https:\/\/www.cartigre.com\/es\/wp-json\/wp\/v2\/pages\/6238\/revisions\/6244"}],"wp:attachment":[{"href":"https:\/\/www.cartigre.com\/es\/wp-json\/wp\/v2\/media?parent=6238"}],"curies":[{"name":"wp","href":"https:\/\/api.w.org\/{rel}","templated":true}]}}